{"id":2592,"date":"2020-01-02T15:07:01","date_gmt":"2020-01-02T14:07:01","guid":{"rendered":"https:\/\/dev6.onlinefactory.ch\/?page_id=2592"},"modified":"2020-01-21T14:24:34","modified_gmt":"2020-01-21T13:24:34","slug":"ueber-mich","status":"publish","type":"page","link":"https:\/\/www.missflute.ch\/de\/ueber-mich\/","title":{"rendered":"\u00dcber mich"},"content":{"rendered":"<div class=\"wpb-content-wrapper\"><p>[vc_row][vc_column][vc_column_text]<\/p>\n<p style=\"text-align: center; font-weight: 400; font-size: 21px; line-height: 25px; color: #7f2347;\">\u00abIch m\u00f6chte nichts anderes machen als Musik in meinem Leben.\u00bb<\/p>\n<p>[\/vc_column_text][vc_separator color=&#187;custom&#187; el_width=&#187;30&#8243; accent_color=&#187;#7f2347&#8243; css=&#187;.vc_custom_1577985951700{padding-top: 30px !important;padding-bottom: 30px !important;}&#187;][\/vc_column][\/vc_row][vc_row gap=&#187;30&#8243; content_placement=&#187;top&#187;][vc_column width=&#187;2\/3&#8243;][vc_column_text]Myriam Hidber Dickinson wurde in der Schweiz geboren. Ihr Lehrdiplom erlangte sie bei Felix Renggli am Konservatorium Schaffhausen, das Konzertdiplom mit Auszeichnung* bei Marianne Stucki an der Z\u00fcrcher Hochschule der K\u00fcnste ZHdK (ehemals Konservatorium Winterthur). Es folge ein Zusatzstudium der Traversfl\u00f6te bei William Dickinson, ebenfalls an der ZHdK. Diverse Konzertreisen und ihre Unterrichtst\u00e4tigkeit f\u00fchrten sie in den Jahren 2001 bis 2014 unter anderem an Hochschulen in Indonesien und Brasilien.<\/p>\n<p>Zurzeit gibt sie rege Konzerte in verschiedenen Besetzungen mit moderner wie historischer Instrumentierung. Ebenso ist sie als Solistin mit Orchestern in der Schweiz, Brasilien, Bulgarien und Serbien unterwegs. Sie unterrichtet in ihrem eigenen Studio Miss Flute wie auch an der Musikschule Z\u00fcrcher Unterland. Zudem erteilt sie regelm\u00e4ssig Meisterkurse in Brasilien, Bulgarien und in den USA.<\/p>\n<p>Kritiker loben Myriam Hidber Dickinson als eine Musikerin, die \u00fcber ein seltenes Verst\u00e4ndnis zur n\u00f6tigen interpretatorischen Sorgfalt verf\u00fcge. Sie habe den Mut, sich auf den eigenen Weg zu begeben und in die jeweilige musikalische Welt einzutauchen.[\/vc_column_text][vc_column_text css=&#187;.vc_custom_1577980788809{padding-top: 20px !important;}&#187;]<\/p>\n<p style=\"font-size: 14px; line-height: 18px;\">* Heutiger offizieller Diplom-Titel: Master of Arts ZFH in Music Performance mit Vertiefung in instrumentaler Performance (Konzert)<\/p>\n<p>[\/vc_column_text][\/vc_column][vc_column width=&#187;1\/3&#8243;][vc_row_inner][vc_column_inner width=&#187;1\/5&#8243; css=&#187;.vc_custom_1577980612769{margin-bottom: 0px !important;padding-top: 0px !important;padding-bottom: 0px !important;}&#187;][vc_icon icon_fontawesome=&#187;far fa-file-pdf&#187; color=&#187;custom&#187; custom_color=&#187;#666666&#8243; link=&#187;url:https%3A%2F%2Fdev6.onlinefactory.ch%2Fwp-content%2Fuploads%2F2020%2F01%2Fbiografie_miss-flute_myriam-hidber-dickinson.pdf||target:%20_blank|&#187;][\/vc_column_inner][vc_column_inner width=&#187;4\/5&#8243; css=&#187;.vc_custom_1577980654688{margin-bottom: 0px !important;padding-top: 0px !important;padding-bottom: 0px !important;}&#187;][vc_column_text]<a href=\"https:\/\/www.missflute.ch\/wp-content\/uploads\/2020\/01\/biografie_miss-flute_myriam-hidber-dickinson.pdf\" target=\"_blank\" rel=\"noopener noreferrer\">Biografie als PDF<\/a>[\/vc_column_text][\/vc_column_inner][\/vc_row_inner][vc_row_inner][vc_column_inner width=&#187;1\/5&#8243; css=&#187;.vc_custom_1577979565337{padding-top: 0px !important;}&#187;][vc_icon icon_fontawesome=&#187;fa fa-headphones&#187; color=&#187;custom&#187; custom_color=&#187;#666666&#8243;][\/vc_column_inner][vc_column_inner width=&#187;4\/5&#8243; css=&#187;.vc_custom_1577979607936{padding-top: 0px !important;}&#187;][vc_column_text]<a href=\"\/de\/bild-und-ton\/#ton\">H\u00f6rbeispiele<\/a>[\/vc_column_text][\/vc_column_inner][\/vc_row_inner][vc_row_inner][vc_column_inner width=&#187;1\/5&#8243; css=&#187;.vc_custom_1577979565337{padding-top: 0px !important;}&#187;][vc_icon icon_fontawesome=&#187;fa fa-picture-o&#187; color=&#187;custom&#187; custom_color=&#187;#666666&#8243;][\/vc_column_inner][vc_column_inner width=&#187;4\/5&#8243; css=&#187;.vc_custom_1577979607936{padding-top: 0px !important;}&#187;][vc_column_text]<a href=\"\/de\/bild-und-ton\/\">Bilder<\/a>[\/vc_column_text][\/vc_column_inner][\/vc_row_inner][vc_row_inner][vc_column_inner width=&#187;1\/5&#8243; css=&#187;.vc_custom_1577979565337{padding-top: 0px !important;}&#187;][vc_icon icon_fontawesome=&#187;fa fa-users&#187; color=&#187;custom&#187; custom_color=&#187;#666666&#8243;][\/vc_column_inner][vc_column_inner width=&#187;4\/5&#8243; css=&#187;.vc_custom_1577979607936{padding-top: 0px !important;}&#187;][vc_column_text]<a href=\"\/de\/ueber-mich\/auffuehrungen-mit-orchester\/\">Auff\u00fchrungen mit Orchester<\/a>[\/vc_column_text][\/vc_column_inner][\/vc_row_inner][\/vc_column][\/vc_row]<\/p>\n<\/div>","protected":false},"excerpt":{"rendered":"<p>[vc_row][vc_column][vc_column_text] \u00abIch m\u00f6chte nichts anderes machen als Musik in meinem Leben.\u00bb [\/vc_column_text][vc_separator color=&#187;custom&#187; el_width=&#187;30&#8243; accent_color=&#187;#7f2347&#8243; css=&#187;.vc_custom_1577985951700{padding-top: 30px !important;padding-bottom: 30px !important;}&#187;][\/vc_column][\/vc_row][vc_row gap=&#187;30&#8243; content_placement=&#187;top&#187;][vc_column width=&#187;2\/3&#8243;][vc_column_text]Myriam Hidber Dickinson wurde in der Schweiz geboren. Ihr Lehrdiplom erlangte sie bei Felix Renggli am Konservatorium Schaffhausen,&#8230;<\/p>\n","protected":false},"author":1,"featured_media":0,"parent":0,"menu_order":0,"comment_status":"closed","ping_status":"closed","template":"","meta":{"footnotes":""},"class_list":["post-2592","page","type-page","status-publish","hentry"],"_links":{"self":[{"href":"https:\/\/www.missflute.ch\/de\/wp-json\/wp\/v2\/pages\/2592","targetHints":{"allow":["GET"]}}],"collection":[{"href":"https:\/\/www.missflute.ch\/de\/wp-json\/wp\/v2\/pages"}],"about":[{"href":"https:\/\/www.missflute.ch\/de\/wp-json\/wp\/v2\/types\/page"}],"author":[{"embeddable":true,"href":"https:\/\/www.missflute.ch\/de\/wp-json\/wp\/v2\/users\/1"}],"replies":[{"embeddable":true,"href":"https:\/\/www.missflute.ch\/de\/wp-json\/wp\/v2\/comments?post=2592"}],"version-history":[{"count":55,"href":"https:\/\/www.missflute.ch\/de\/wp-json\/wp\/v2\/pages\/2592\/revisions"}],"predecessor-version":[{"id":3502,"href":"https:\/\/www.missflute.ch\/de\/wp-json\/wp\/v2\/pages\/2592\/revisions\/3502"}],"wp:attachment":[{"href":"https:\/\/www.missflute.ch\/de\/wp-json\/wp\/v2\/media?parent=2592"}],"curies":[{"name":"wp","href":"https:\/\/api.w.org\/{rel}","templated":true}]}}