{"id":2677,"date":"2020-01-02T17:37:44","date_gmt":"2020-01-02T16:37:44","guid":{"rendered":"https:\/\/dev6.onlinefactory.ch\/?page_id=2677"},"modified":"2022-06-16T08:29:32","modified_gmt":"2022-06-16T06:29:32","slug":"konzerte","status":"publish","type":"page","link":"https:\/\/www.missflute.ch\/de\/konzerte\/","title":{"rendered":"Konzerte"},"content":{"rendered":"<div class=\"wpb-content-wrapper\"><p>[vc_row][vc_column][vc_column_text]<\/p>\n<p style=\"text-align: center; font-weight: 400; font-size: 21px; line-height: 25px; color: #7f2347;\">\u00abWenn ich ein St\u00fcck spiele, spaziere ich gedanklich durch die Natur.\u00bb<\/p>\n<p>[\/vc_column_text][vc_separator color=&#187;custom&#187; el_width=&#187;30&#8243; accent_color=&#187;#7f2347&#8243; css=&#187;.vc_custom_1577985720864{padding-top: 30px !important;padding-bottom: 30px !important;}&#187;][vc_row_inner][vc_column_inner width=&#187;2\/3&#8243;][vc_column_text]<strong>Als Konzertfl\u00f6tistin trete ich in der Schweiz und international auf \u2013 sei es in der intimen Atmosph\u00e4re im Duo mit Gitarre oder Klavier, sei es auf der grossen B\u00fchne mit philharmonischem Orchester. Ich freue mich \u00fcber Anfragen als Solistin, Mitmusikerin und auch als Konzertorganisatorin. Mein Repertoire ist vielseitig, meine Interpretationen sorgf\u00e4ltig und die Zahl meiner Ideen fast unendlich.<\/strong><\/p>\n<p>Als vielseitige Musikerin bin ich mit dem Standardrepertoire f\u00fcr Fl\u00f6te eng vertraut und habe die Werke in Begleitung von Klavier, Gitarre, Harfe, Kammermusikensemble und Orchester mehrfach aufgef\u00fchrt. In Harmonien, Struktur, Farbe, Stimmung, Stil der Werke f\u00fchle ich mich zuhause, die dazu passenden Verzierungen, Agogik und Vibrato sind mir gel\u00e4ufig.<\/p>\n<p>Doch das ist noch nicht alles. Seit L\u00e4ngerem befasse ich mich mit weiteren Stilen. So haben es mir die barocke Musik mit historischer Instrumentierung, weniger bekannte Werke der Klassik und Romantik (im Speziellen von L\u00e4ndern ausserhalb Westeuropas), zeitgen\u00f6ssische Musik, Jazzimprovisation, afrikanische Perkussion und das Universum der Musik aus Brasilien angetan.<\/p>\n<p>Welche Werke ich auch immer interpretiere: Mir eigen ist bei aller Virtuosit\u00e4t eine liebevolle Sorgfalt in der Interpretation, eine nicht erl\u00f6schende Neugier und der Mut, in die verschiedenen musikalischen Welten einzutauchen.<\/p>\n<p>So vielseitig wie mein Repertoire ist auch das Spektrum der Konzerte, die ich f\u00fcr Sie organisiere. So habe ich schon Gesch\u00e4ftsanl\u00e4sse, Konferenzen, Hochzeiten und Geburtstage wie auch Vernissagen und Trauerfeiern musikalisch umrahmt. Ich habe Werke in Konzerts\u00e4len, Kirchen, in Privath\u00e4usern und unter freiem Himmel aufgef\u00fchrt. Nach Noten gespielt oder passend zu einem Thema improvisiert. Auch die Kombination mit anderen K\u00fcnsten (Bilder, Skulpturen, Rezitation) oder Medien liegt mir. Fragen Sie mich f\u00fcr ein Konzert an, und ich stelle nach Ihren Vorlieben ein Musikprogramm zusammen, das zu Ihrem Anlass passt. Gerne organisiere ich die Mitmusiker, die R\u00e4ume und alles, was Sie sonst noch w\u00fcnschen.<\/p>\n<p><strong>Was auch immer Ihr Konzertwunsch, gemeinsam finden wir eine pers\u00f6nliche L\u00f6sung.<\/strong>[\/vc_column_text][vc_btn title=&#187;Jetzt anfragen&#187; style=&#187;flat&#187; shape=&#187;round&#187; color=&#187;mulled-wine&#187; size=&#187;lg&#187; align=&#187;center&#187; link=&#187;url:%2Fde%2Fkontakt%2F|title:Kontakt&#187; css=&#187;.vc_custom_1655360969921{padding-bottom: 20px !important;}&#187;][\/vc_column_inner][vc_column_inner width=&#187;1\/3&#8243;][vc_cta h2=&#187;Konzerte mit pers\u00f6nlicher Note&#187; h4=&#187;Mein Angebot:&#187;]<\/p>\n<ul>\n<li>Als Solistin oder Mitmusikerin auftreten \u2013 ganz allein, in einem Ensemble oder mit einem ganzen Orchester<\/li>\n<li>Mit Musik eine Feier begleiten, z.\u00a0B. Hochzeit, Geburtstag oder Trauerfeier. <a style=\"text-decoration: underline;\" href=\"\/de\/meine-ensembles\">Meine Ensembles<\/a><\/li>\n<li>Mit Musik einen Event begleiten, z.\u00a0B. Weihnachts\u00adessen, Tagung, Konferenz, Vernissage, Ausstellung. <a style=\"text-decoration: underline;\" href=\"\/de\/meine-ensembles\">Meine Ensembles<\/a><\/li>\n<li><a style=\"text-decoration: underline;\" href=\"https:\/\/www.missflute.ch\/de\/konzerte\/online-konzerte\/\">Online-Konzerte<\/a> (Live-Stream und Aufzeichnung)<\/li>\n<li>Organisatorisch ist alles m\u00f6glich: Ich stelle das Konzertprogramm zusammen, kann aber auch einen ganzen Anlass inklusive Raum, Catering und Blumenschmuck auf die Beine stellen \u2013 ganz nach Ihren W\u00fcnschen<\/li>\n<li>Repertoire: Barock, Klassik, Romantik, zeitgen\u00f6ssische Musik, Jazz, Irish Folk, afrikanische und brasilianische Musik<\/li>\n<\/ul>\n<p>[\/vc_cta][\/vc_column_inner][\/vc_row_inner][vc_row_inner][vc_column_inner css=&#187;.vc_custom_1654852814193{margin-top: 20px !important;margin-bottom: 30px !important;padding-top: 20px !important;padding-bottom: 12px !important;background-color: rgba(127,35,71,0.1) !important;*background-color: rgb(127,35,71) !important;}&#187;][vc_column_text]<\/p>\n<p style=\"margin-top: 0;\"><a href=\"\/de\/meine-ensembles\/\">Meine Ensembles<\/a><\/p>\n<p style=\"margin-top: 0;\"><a href=\"\/de\/ueber-mich\/auffuehrungen-mit-orchester\/\">Liste Konzertauff\u00fchrungen mit Orchester<\/a><\/p>\n<p style=\"margin-top: 0;\"><a href=\"\/de\/konzerte\/online-konzerte\/\">Online-Konzerte<\/a><\/p>\n<p style=\"margin-top: 0;\"><a href=\"\/de\/bild-und-ton\/#ton\">H\u00f6rbeispiele<\/a><\/p>\n<p>[\/vc_column_text][\/vc_column_inner][\/vc_row_inner][\/vc_column][\/vc_row][vc_row][vc_column][vc_column_text css=&#187;.vc_custom_1578429368510{padding-bottom: 30px !important;}&#187;]<\/p>\n<h2 style=\"text-align: center;\">Meine n\u00e4chsten Konzerte<\/h2>\n<p>[\/vc_column_text]\t\t<div class=\"lc_swp_boxed no_events_msg\">\r\n\t\t\tNo events for now, please check again later.\t\t<\/div>\r\n\t[\/vc_column][\/vc_row]<\/p>\n<\/div>","protected":false},"excerpt":{"rendered":"<p>[vc_row][vc_column][vc_column_text] \u00abWenn ich ein St\u00fcck spiele, spaziere ich gedanklich durch die Natur.\u00bb [\/vc_column_text][vc_separator color=&#187;custom&#187; el_width=&#187;30&#8243; accent_color=&#187;#7f2347&#8243; css=&#187;.vc_custom_1577985720864{padding-top: 30px !important;padding-bottom: 30px !important;}&#187;][vc_row_inner][vc_column_inner width=&#187;2\/3&#8243;][vc_column_text]Als Konzertfl\u00f6tistin trete ich in der Schweiz und international auf \u2013 sei es in der intimen Atmosph\u00e4re im Duo&#8230;<\/p>\n","protected":false},"author":1,"featured_media":0,"parent":0,"menu_order":0,"comment_status":"closed","ping_status":"closed","template":"","meta":{"footnotes":""},"class_list":["post-2677","page","type-page","status-publish","hentry"],"_links":{"self":[{"href":"https:\/\/www.missflute.ch\/de\/wp-json\/wp\/v2\/pages\/2677","targetHints":{"allow":["GET"]}}],"collection":[{"href":"https:\/\/www.missflute.ch\/de\/wp-json\/wp\/v2\/pages"}],"about":[{"href":"https:\/\/www.missflute.ch\/de\/wp-json\/wp\/v2\/types\/page"}],"author":[{"embeddable":true,"href":"https:\/\/www.missflute.ch\/de\/wp-json\/wp\/v2\/users\/1"}],"replies":[{"embeddable":true,"href":"https:\/\/www.missflute.ch\/de\/wp-json\/wp\/v2\/comments?post=2677"}],"version-history":[{"count":57,"href":"https:\/\/www.missflute.ch\/de\/wp-json\/wp\/v2\/pages\/2677\/revisions"}],"predecessor-version":[{"id":5099,"href":"https:\/\/www.missflute.ch\/de\/wp-json\/wp\/v2\/pages\/2677\/revisions\/5099"}],"wp:attachment":[{"href":"https:\/\/www.missflute.ch\/de\/wp-json\/wp\/v2\/media?parent=2677"}],"curies":[{"name":"wp","href":"https:\/\/api.w.org\/{rel}","templated":true}]}}