{"id":3411,"date":"2020-01-20T15:46:17","date_gmt":"2020-01-20T14:46:17","guid":{"rendered":"https:\/\/dev6.onlinefactory.ch\/?page_id=3411"},"modified":"2023-08-23T17:27:26","modified_gmt":"2023-08-23T15:27:26","slug":"cd-aufnahmen","status":"publish","type":"page","link":"https:\/\/www.missflute.ch\/de\/bild-und-ton\/cd-aufnahmen\/","title":{"rendered":"CD-Aufnahmen"},"content":{"rendered":"<div class=\"wpb-content-wrapper\"><p>[vc_row][vc_column width=&#187;1\/6&#8243;][\/vc_column][vc_column width=&#187;4\/6&#8243;][vc_column_text]<\/p>\n<p style=\"text-align: center; font-weight: 400; font-size: 21px; line-height: 25px; color: #7f2347;\">\u00abBeim Fl\u00f6tenspiel muss der Atem immerw\u00e4hrend fliessen. Wie die Wellen auf einem Fluss, so tanzen die Finger auf diesem Atem.\u00bb<\/p>\n<p>[\/vc_column_text][vc_separator color=&#187;custom&#187; el_width=&#187;30&#8243; accent_color=&#187;#7f2347&#8243; css=&#187;.vc_custom_1579531711804{padding-top: 30px !important;padding-bottom: 30px !important;}&#187;][\/vc_column][vc_column width=&#187;1\/6&#8243;][\/vc_column][\/vc_row][vc_row][vc_column]\t\t<div class=\"lc_content_full lc_basic_content_padding lc_swp_boxed\">\r\n\t\t\t<div class=\"albums_container clearfix\">\r\n\t\t\t\t\r\n\t\t\t\t\t<div class=\"single_album_item has_right_padding \">\r\n\t\t\t\t\t\t<a href=\"https:\/\/www.missflute.ch\/de\/js_albums\/inspiration\/\">\r\n\t\t\t\t\t\t\t<div class=\"album_image_container lc_swp_background_image\" data-bgimage=\"https:\/\/www.missflute.ch\/wp-content\/uploads\/2022\/05\/booklet-cover-inspiration_download.jpg\">\r\n\t\t\t\t\t\t\t<\/div>\r\n\t\t\t\t\t\t\t<div class=\"album_overlay transition3\"><\/div>\r\n\t\t\t\t\t\t\t<h3 class=\"album_title album_heading transition4\"> Inspiration <\/h3>\r\n\t\t\t\t\t\t\t<h3 class=\"album_artist album_heading transition4\"> Miss Flute \u2013 Special Creative Projects <\/h3>\r\n\t\t\t\t\t\t<\/a>\r\n\t\t\t\t\t<\/div>\r\n\r\n\t\t\t\t\r\n\t\t\t\t\t<div class=\"single_album_item has_right_padding \">\r\n\t\t\t\t\t\t<a href=\"https:\/\/www.missflute.ch\/de\/js_albums\/musica-sin-fronteras-i\/\">\r\n\t\t\t\t\t\t\t<div class=\"album_image_container lc_swp_background_image\" data-bgimage=\"https:\/\/www.missflute.ch\/wp-content\/uploads\/2021\/03\/album-cover-musica-sin-fronteras.jpg\">\r\n\t\t\t\t\t\t\t<\/div>\r\n\t\t\t\t\t\t\t<div class=\"album_overlay transition3\"><\/div>\r\n\t\t\t\t\t\t\t<h3 class=\"album_title album_heading transition4\"> M\u00fasica sin Fronteras I <\/h3>\r\n\t\t\t\t\t\t\t<h3 class=\"album_artist album_heading transition4\"> Miss Flute \u2013 Special Creative Projects <\/h3>\r\n\t\t\t\t\t\t<\/a>\r\n\t\t\t\t\t<\/div>\r\n\r\n\t\t\t\t\r\n\t\t\t\t\t<div class=\"single_album_item \">\r\n\t\t\t\t\t\t<a href=\"https:\/\/www.missflute.ch\/de\/js_albums\/reflexions\/\">\r\n\t\t\t\t\t\t\t<div class=\"album_image_container lc_swp_background_image\" data-bgimage=\"https:\/\/www.missflute.ch\/wp-content\/uploads\/2020\/01\/album-cover-reflexions-duo-belladonna.jpg\">\r\n\t\t\t\t\t\t\t<\/div>\r\n\t\t\t\t\t\t\t<div class=\"album_overlay transition3\"><\/div>\r\n\t\t\t\t\t\t\t<h3 class=\"album_title album_heading transition4\"> Reflexions <\/h3>\r\n\t\t\t\t\t\t\t<h3 class=\"album_artist album_heading transition4\"> Duo Belladonna <\/h3>\r\n\t\t\t\t\t\t<\/a>\r\n\t\t\t\t\t<\/div>\r\n\r\n\t\t\t\t\r\n\t\t\t\t\t<div class=\"single_album_item has_right_padding \">\r\n\t\t\t\t\t\t<a href=\"https:\/\/www.missflute.ch\/de\/js_albums\/bach-b\/\">\r\n\t\t\t\t\t\t\t<div class=\"album_image_container lc_swp_background_image\" data-bgimage=\"https:\/\/www.missflute.ch\/wp-content\/uploads\/2020\/01\/album-cover-bach-and-b-duo-bachdanca.jpg\">\r\n\t\t\t\t\t\t\t<\/div>\r\n\t\t\t\t\t\t\t<div class=\"album_overlay transition3\"><\/div>\r\n\t\t\t\t\t\t\t<h3 class=\"album_title album_heading transition4\"> Bach &#038; B <\/h3>\r\n\t\t\t\t\t\t\t<h3 class=\"album_artist album_heading transition4\"> Duo Bachdan\u00e7a <\/h3>\r\n\t\t\t\t\t\t<\/a>\r\n\t\t\t\t\t<\/div>\r\n\r\n\t\t\t\t\r\n\t\t\t\t\t<div class=\"single_album_item has_right_padding \">\r\n\t\t\t\t\t\t<a href=\"https:\/\/www.missflute.ch\/de\/js_albums\/jazz-meets-impressionism\/\">\r\n\t\t\t\t\t\t\t<div class=\"album_image_container lc_swp_background_image\" data-bgimage=\"https:\/\/www.missflute.ch\/wp-content\/uploads\/2019\/11\/album-cover-jazz-meets-impressionism-duo-oblivion-1.jpg\">\r\n\t\t\t\t\t\t\t<\/div>\r\n\t\t\t\t\t\t\t<div class=\"album_overlay transition3\"><\/div>\r\n\t\t\t\t\t\t\t<h3 class=\"album_title album_heading transition4\"> Jazz Meets Impressionism <\/h3>\r\n\t\t\t\t\t\t\t<h3 class=\"album_artist album_heading transition4\"> Duo Oblivion <\/h3>\r\n\t\t\t\t\t\t<\/a>\r\n\t\t\t\t\t<\/div>\r\n\r\n\t\t\t\t\t\t\t<\/div>\r\n\t\t<\/div>\r\n\r\n\t\t[\/vc_column][\/vc_row][vc_row][vc_column width=&#187;1\/6&#8243;][\/vc_column][vc_column width=&#187;4\/6&#8243;]\t<div class=\"lc_swp_boxed lc_reviews_slider_container\" data-slidespeed=\"900\" data-slidedelay=\"10000\">\r\n\t\t<div class=\"lc_reviews_slider\">\r\n\t\t\t<ul>\r\n\t\t\t\t<li>\r\n\t\t<div class=\"lc_swp_boxed text_center\">\r\n\t\t\t<div class=\"lc_reviewer_image\">\r\n\t\t\t\t\t\t\t<\/div>\r\n\t\t\t<h5 class=\"lc_reviewer_name\">Martin Iarrera, Z\u00fcrich<\/h5>\r\n\t\t\t<div class=\"lc_review_content\">\r\n\t\t\t\tDie CD \u00abButterfly Power\u00bb hat in meiner Sammlung einen Ehrenplatz und ich h\u00f6re sie gerne und oft. Besonders gef\u00e4llt mir der Piazzolla. Ich w\u00fcrde mich \u00fcber weitere Aufnahmen freuen.\t\t\t<\/div>\r\n\t\t<\/div>\r\n\t<\/li>\r\n\t<li>\r\n\t\t<div class=\"lc_swp_boxed text_center\">\r\n\t\t\t<div class=\"lc_reviewer_image\">\r\n\t\t\t\t\t\t\t<\/div>\r\n\t\t\t<h5 class=\"lc_reviewer_name\">Marianne Stucki, Fl\u00f6tistin und ehem. Professorin an der HMT Z\u00fcrich<\/h5>\r\n\t\t\t<div class=\"lc_review_content\">\r\n\t\t\t\tIch gratuliere Ihnen herzlich zu DuOblivion. Ihre Vitalit\u00e4t, Ihre Spielfreude, Ihr grenzenloses Temperament, Ihre Kraft, Ihre emotional ausdrucksstarken Interpretationen sind erfrischend im heutigen Musikzirkus.\t\t\t<\/div>\r\n\t\t<\/div>\r\n\t<\/li>\r\n\t<li>\r\n\t\t<div class=\"lc_swp_boxed text_center\">\r\n\t\t\t<div class=\"lc_reviewer_image\">\r\n\t\t\t\t\t\t\t<\/div>\r\n\t\t\t<h5 class=\"lc_reviewer_name\"><\/h5>\r\n\t\t\t<div class=\"lc_review_content\">\r\n\t\t\t\tDas Duo Bachdan\u00e7a \u00fcberzeugte nicht nur mit einer stilistisch durchdachten und doch sehr lebendigen Interpretation der Musik von J. S. Bach; sondern konnte das Publikum auch mit der brasilianischen Musik, mit grosser Spiellust und einer Portion Sehnsucht begeistern.\t\t\t<\/div>\r\n\t\t<\/div>\r\n\t<\/li>\r\n\t\t\t<\/ul>\r\n\t\t<\/div>\t\r\n\t<\/div>\r\n[\/vc_column][vc_column width=&#187;1\/6&#8243;][\/vc_column][\/vc_row][vc_row][vc_column][vc_column_text]<\/p>\n<h2 style=\"text-align: center;\">Online-Shop<\/h2>\n<p style=\"text-align: center;\">In meinem Online-Shop finden Sie eine Auswahl meiner Musikaufnahmen als CD oder zum Herunterladen.<\/p>\n<p>[\/vc_column_text]\t\r\n\t<div class=\"lc_button button_center\">\r\n\t\t<a href=\"\/de\/shop\/\" alt=\"Online-Shop besuchen\" target=\"_self\">\r\n\t\t\tOnline-Shop besuchen\t\t<\/a>\r\n\t<\/div>\r\n\t\r\n\t[\/vc_column][\/vc_row]<\/p>\n<\/div>","protected":false},"excerpt":{"rendered":"<p>[vc_row][vc_column width=&#187;1\/6&#8243;][\/vc_column][vc_column width=&#187;4\/6&#8243;][vc_column_text] \u00abBeim Fl\u00f6tenspiel muss der Atem immerw\u00e4hrend fliessen. Wie die Wellen auf einem Fluss, so tanzen die Finger auf diesem Atem.\u00bb [\/vc_column_text][vc_separator color=&#187;custom&#187; el_width=&#187;30&#8243; accent_color=&#187;#7f2347&#8243; css=&#187;.vc_custom_1579531711804{padding-top: 30px !important;padding-bottom: 30px !important;}&#187;][\/vc_column][vc_column width=&#187;1\/6&#8243;][\/vc_column][\/vc_row][vc_row][vc_column][\/vc_column][\/vc_row][vc_row][vc_column width=&#187;1\/6&#8243;][\/vc_column][vc_column width=&#187;4\/6&#8243;][\/vc_column][vc_column width=&#187;1\/6&#8243;][\/vc_column][\/vc_row][vc_row][vc_column][vc_column_text] Online-Shop In meinem Online-Shop&#8230;<\/p>\n","protected":false},"author":1,"featured_media":0,"parent":45,"menu_order":0,"comment_status":"closed","ping_status":"closed","template":"","meta":{"footnotes":""},"class_list":["post-3411","page","type-page","status-publish","hentry"],"_links":{"self":[{"href":"https:\/\/www.missflute.ch\/de\/wp-json\/wp\/v2\/pages\/3411","targetHints":{"allow":["GET"]}}],"collection":[{"href":"https:\/\/www.missflute.ch\/de\/wp-json\/wp\/v2\/pages"}],"about":[{"href":"https:\/\/www.missflute.ch\/de\/wp-json\/wp\/v2\/types\/page"}],"author":[{"embeddable":true,"href":"https:\/\/www.missflute.ch\/de\/wp-json\/wp\/v2\/users\/1"}],"replies":[{"embeddable":true,"href":"https:\/\/www.missflute.ch\/de\/wp-json\/wp\/v2\/comments?post=3411"}],"version-history":[{"count":26,"href":"https:\/\/www.missflute.ch\/de\/wp-json\/wp\/v2\/pages\/3411\/revisions"}],"predecessor-version":[{"id":5184,"href":"https:\/\/www.missflute.ch\/de\/wp-json\/wp\/v2\/pages\/3411\/revisions\/5184"}],"up":[{"embeddable":true,"href":"https:\/\/www.missflute.ch\/de\/wp-json\/wp\/v2\/pages\/45"}],"wp:attachment":[{"href":"https:\/\/www.missflute.ch\/de\/wp-json\/wp\/v2\/media?parent=3411"}],"curies":[{"name":"wp","href":"https:\/\/api.w.org\/{rel}","templated":true}]}}