{"id":3535,"date":"2020-01-21T16:19:27","date_gmt":"2020-01-21T15:19:27","guid":{"rendered":"https:\/\/dev6.onlinefactory.ch\/?page_id=3535"},"modified":"2020-03-31T10:10:13","modified_gmt":"2020-03-31T08:10:13","slug":"links","status":"publish","type":"page","link":"https:\/\/www.missflute.ch\/de\/links\/","title":{"rendered":"Links"},"content":{"rendered":"<div class=\"wpb-content-wrapper\"><p>[vc_row][vc_column width=&#187;1\/6&#8243;][\/vc_column][vc_column width=&#187;4\/6&#8243;][vc_column_text]<\/p>\n<p style=\"text-align: center; font-weight: 400; font-size: 21px; line-height: 25px; color: #7f2347;\">\u00abF\u00fcr mich ist die Atmung nicht nur beim Fl\u00f6tenspiel, sondern auch im t\u00e4glichen Leben etwas ganz Essentielles. Durch das Fl\u00f6tenspiel konnte ich lernen, was Atmung bedeutet.\u00bb<\/p>\n<p>[\/vc_column_text][vc_separator color=&#187;custom&#187; el_width=&#187;30&#8243; accent_color=&#187;#7f2347&#8243; css=&#187;.vc_custom_1579619592169{padding-top: 30px !important;padding-bottom: 30px !important;}&#187;][vc_column_text]<\/p>\n<p style=\"text-align: center;\"><strong>Barbara Bohnert<\/strong><br \/>\nMusikatelier Tasteria<br \/>\n<a href=\"https:\/\/www.tasteria.ch\" target=\"_blank\" rel=\"noopener noreferrer\">www.tasteria.ch<\/a><\/p>\n<p style=\"text-align: center;\"><strong>Stefan Cassar<\/strong><br \/>\nPianist<br \/>\n<a href=\"http:\/\/www.stefancassar.com\/\" target=\"_blank\" rel=\"noopener noreferrer\">www.stefancassar.com<\/a><\/p>\n<p style=\"text-align: center;\"><strong>Daniela Eaton<\/strong><br \/>\nSopran<br \/>\n<a href=\"http:\/\/www.danielaeaton.ch\/data\/\" target=\"_blank\" rel=\"noopener noreferrer\">www.danielaeaton.ch<\/a><\/p>\n<p style=\"text-align: center;\"><strong>Jonathan \u00d6stlund<\/strong><br \/>\nKomponist<br \/>\n<a href=\"https:\/\/www.jonathanostlund.com\" target=\"_blank\" rel=\"noopener noreferrer\">www.jonathanostlund.com<\/a><\/p>\n<p style=\"text-align: center;\"><strong>Hallo Foto<\/strong><br \/>\nArt of Photography<br \/>\n<a href=\"https:\/\/www.hallofoto.com\" target=\"_blank\" rel=\"noopener noreferrer\">www.hallofoto.com<\/a><\/p>\n<p style=\"text-align: center;\"><strong>Idit Kobrini<\/strong><br \/>\nDocumentary Storytelling<br \/>\n<a href=\"https:\/\/www.kobrini.com\" target=\"_blank\" rel=\"noopener noreferrer\">www.kobrini.com<\/a><\/p>\n<p style=\"text-align: center;\"><strong>Umbria Ensemble<\/strong><br \/>\n<a href=\"https:\/\/www.umbriaensemble.it\" target=\"_blank\" rel=\"noopener noreferrer\">www.umbriaensemble.it<\/a><\/p>\n<p style=\"text-align: center;\"><strong>Stiftung Kloster Dornach<\/strong><br \/>\n<a href=\"https:\/\/www.klosterdornach.ch\" target=\"_blank\" rel=\"noopener noreferrer\">www.klosterdornach.ch<\/a><\/p>\n<p style=\"text-align: center;\"><strong>Barbara Steinmann<\/strong><br \/>\nKunsttherapeutin mit eidg. Diplom<br \/>\n<a href=\"https:\/\/www.studiengang-kunsttherapie.ch\" target=\"_blank\" rel=\"noopener noreferrer\">www.studiengang-kunsttherapie.ch<\/a><\/p>\n<p style=\"text-align: center;\"><strong>J\u00fcrg Spielmann<br \/>\n<\/strong><a href=\"https:\/\/www.youtube.com\/channel\/UCx8kGfPUIlMaUE5RY2H7zdQ\">JKS Ohrkost<\/a><\/p>\n<p>[\/vc_column_text][\/vc_column][vc_column width=&#187;1\/6&#8243;][\/vc_column][\/vc_row]<\/p>\n<\/div>","protected":false},"excerpt":{"rendered":"<p>[vc_row][vc_column width=&#187;1\/6&#8243;][\/vc_column][vc_column width=&#187;4\/6&#8243;][vc_column_text] \u00abF\u00fcr mich ist die Atmung nicht nur beim Fl\u00f6tenspiel, sondern auch im t\u00e4glichen Leben etwas ganz Essentielles. Durch das Fl\u00f6tenspiel konnte ich lernen, was Atmung bedeutet.\u00bb [\/vc_column_text][vc_separator color=&#187;custom&#187; el_width=&#187;30&#8243; accent_color=&#187;#7f2347&#8243; css=&#187;.vc_custom_1579619592169{padding-top: 30px !important;padding-bottom: 30px !important;}&#187;][vc_column_text] Barbara Bohnert&#8230;<\/p>\n","protected":false},"author":1,"featured_media":0,"parent":0,"menu_order":0,"comment_status":"closed","ping_status":"closed","template":"","meta":{"footnotes":""},"class_list":["post-3535","page","type-page","status-publish","hentry"],"_links":{"self":[{"href":"https:\/\/www.missflute.ch\/de\/wp-json\/wp\/v2\/pages\/3535","targetHints":{"allow":["GET"]}}],"collection":[{"href":"https:\/\/www.missflute.ch\/de\/wp-json\/wp\/v2\/pages"}],"about":[{"href":"https:\/\/www.missflute.ch\/de\/wp-json\/wp\/v2\/types\/page"}],"author":[{"embeddable":true,"href":"https:\/\/www.missflute.ch\/de\/wp-json\/wp\/v2\/users\/1"}],"replies":[{"embeddable":true,"href":"https:\/\/www.missflute.ch\/de\/wp-json\/wp\/v2\/comments?post=3535"}],"version-history":[{"count":6,"href":"https:\/\/www.missflute.ch\/de\/wp-json\/wp\/v2\/pages\/3535\/revisions"}],"predecessor-version":[{"id":4136,"href":"https:\/\/www.missflute.ch\/de\/wp-json\/wp\/v2\/pages\/3535\/revisions\/4136"}],"wp:attachment":[{"href":"https:\/\/www.missflute.ch\/de\/wp-json\/wp\/v2\/media?parent=3535"}],"curies":[{"name":"wp","href":"https:\/\/api.w.org\/{rel}","templated":true}]}}