{"id":4914,"date":"2022-06-09T16:31:08","date_gmt":"2022-06-09T14:31:08","guid":{"rendered":"https:\/\/www.missflute.ch\/?page_id=4914"},"modified":"2022-06-10T17:02:24","modified_gmt":"2022-06-10T15:02:24","slug":"online-konzerte","status":"publish","type":"page","link":"https:\/\/www.missflute.ch\/de\/konzerte\/online-konzerte\/","title":{"rendered":"Online-Konzerte"},"content":{"rendered":"<div class=\"wpb-content-wrapper\"><p>[vc_row][vc_column][vc_row_inner][vc_column_inner width=&#187;2\/3&#8243;][vc_column_text]<strong>Wollten Sie schon immer Ihre Freunde aus der ganzen Welt zu einem Konzert einladen? Mit den Live-Stream-Konzerten von Miss Flute ist das jederzeit m\u00f6glich \u2013 und zwar ohne dass jemand reisen muss.<\/strong><\/p>\n<p>Sie w\u00fcnschen einfach den Musikstil, die Zeit und die Art der Lokalit\u00e4t (Konzertsaal, Kirche, historischer Raum \u2026) und wir setzen alles nach Ihren W\u00fcnschen um. Selbstverst\u00e4ndlich k\u00f6nnen Sie Ihr Privatkonzert auch vor Ort mit Ihren geladenen G\u00e4sten besuchen. Auch d\u00fcrfen Sie vor und\/oder nach dem Konzert eine pers\u00f6nliche Grussbotschaft via Video an Ihre Freunde in der ganzen Welt richten.<\/p>\n<p>Den Link zum Konzert k\u00f6nnen Sie und Ihre Freunde nachtr\u00e4glich weiterhin jederzeit abrufen.<\/p>\n<p>F\u00fcr die Wahl des Musikstils <a href=\"https:\/\/www.missflute.ch\/de\/konzerte\/meine-ensembles\/\">lassen Sie sich am besten von meinen Ensembles inspirieren<\/a>.[\/vc_column_text][vc_btn title=&#187;Jetzt anfragen&#187; style=&#187;flat&#187; shape=&#187;round&#187; color=&#187;mulled-wine&#187; size=&#187;lg&#187; align=&#187;center&#187; link=&#187;url:https%3A%2F%2Fwww.missflute.ch%2Fde%2Fkontakt%2F|title:Kontakt&#187; css=&#187;.vc_custom_1654844124736{padding-top: 20px !important;padding-bottom: 10px !important;}&#187;][vc_column_text]<\/p>\n<h2>Beispiele Live-Stream-Konzerte<\/h2>\n<p><a href=\"\/de\/artist\/duo-myriam-hidber-stefan-cassar\/\" target=\"_blank\" rel=\"noopener\">Duo Myriam Hidber Dickinson (Fl\u00f6te) und Stefan Cassar (Klavier)<\/a>, St\u00fccke: \u00abLes Chemins de l\u2019Amour\u00bb und \u00abApr\u00e8s un R\u00eave\u00bb aus einem Konzert in Mammern[\/vc_column_text]\r\n\t\t\r\n\t<div class=\"lc_swp_boxed swp_videos_scd_container clearfix\">\r\n\t\t\r\n\t\t\t<div class=\"single_video_item has_right_padding items_2_on_row\">\r\n\t\t\t\t<a href=\"https:\/\/www.missflute.ch\/de\/js_videos\/apres-un-reve\/\">\r\n\t\t\t\t\t<div class=\"video_image_container lc_swp_background_image\" data-bgimage=\"https:\/\/www.missflute.ch\/wp-content\/uploads\/2022\/06\/video-still_apres-un-reve.png\">\r\n\t\t\t\t\t\t<i class=\"fas fa-play-circle lc_icon_play_video\" aria-hidden=\"true\"><\/i>\r\n\t\t\t\t\t<\/div>\r\n\t\t\t\t<\/a>\r\n\r\n\t\t\t\t<a href=\"https:\/\/www.missflute.ch\/de\/js_videos\/apres-un-reve\/\">\r\n\t\t\t\t\t<h3 class=\"video_title transition3\"> Apr\u00e8s un R\u00eave <\/h3>\r\n\t\t\t\t<\/a>\r\n\t\t\t<\/div>\r\n\t\t\r\n\t\t\t<div class=\"single_video_item items_2_on_row\">\r\n\t\t\t\t<a href=\"https:\/\/www.missflute.ch\/de\/js_videos\/les-chemins-de-lamour\/\">\r\n\t\t\t\t\t<div class=\"video_image_container lc_swp_background_image\" data-bgimage=\"https:\/\/www.missflute.ch\/wp-content\/uploads\/2022\/06\/video-still_les-chemins-de-lamour.png\">\r\n\t\t\t\t\t\t<i class=\"fas fa-play-circle lc_icon_play_video\" aria-hidden=\"true\"><\/i>\r\n\t\t\t\t\t<\/div>\r\n\t\t\t\t<\/a>\r\n\r\n\t\t\t\t<a href=\"https:\/\/www.missflute.ch\/de\/js_videos\/les-chemins-de-lamour\/\">\r\n\t\t\t\t\t<h3 class=\"video_title transition3\"> Les Chemins de l\u2019Amour <\/h3>\r\n\t\t\t\t<\/a>\r\n\t\t\t<\/div>\r\n\t\t\t\r\n\t<\/div>\r\n\t[vc_column_text]Duo Myriam Hidber Dickinson (Fl\u00f6te) und Yvonne Deusch-Cammarosano (Harfe), \u00abFr\u00fchlingserwachen\u00bb, Fr\u00fchling 2021[\/vc_column_text]\r\n\t\t\r\n\t<div class=\"lc_swp_boxed swp_videos_scd_container clearfix\">\r\n\t\t\r\n\t\t\t<div class=\"single_video_item has_right_padding items_2_on_row\">\r\n\t\t\t\t<a href=\"https:\/\/www.missflute.ch\/de\/js_videos\/fruehlingserwachen\/\">\r\n\t\t\t\t\t<div class=\"video_image_container lc_swp_background_image\" data-bgimage=\"https:\/\/www.missflute.ch\/wp-content\/uploads\/2022\/06\/video-still_fruehlingserwachen.png\">\r\n\t\t\t\t\t\t<i class=\"fas fa-play-circle lc_icon_play_video\" aria-hidden=\"true\"><\/i>\r\n\t\t\t\t\t<\/div>\r\n\t\t\t\t<\/a>\r\n\r\n\t\t\t\t<a href=\"https:\/\/www.missflute.ch\/de\/js_videos\/fruehlingserwachen\/\">\r\n\t\t\t\t\t<h3 class=\"video_title transition3\"> Fr\u00fchlingserwachen <\/h3>\r\n\t\t\t\t<\/a>\r\n\t\t\t<\/div>\r\n\t\t\t\r\n\t<\/div>\r\n\t[vc_column_text]<a href=\"https:\/\/www.missflute.ch\/de\/artist\/el-grupo-vaiven\/\" target=\"_blank\" rel=\"noopener\">El Grupo Vaiv\u00e9n<\/a>, Weihnachten 2020 in der reformierten Kirche Arlesheim[\/vc_column_text]\r\n\t\t\r\n\t<div class=\"lc_swp_boxed swp_videos_scd_container clearfix\">\r\n\t\t\r\n\t\t\t<div class=\"single_video_item has_right_padding items_2_on_row\">\r\n\t\t\t\t<a href=\"https:\/\/www.missflute.ch\/de\/js_videos\/gracias-a-la-vida\/\">\r\n\t\t\t\t\t<div class=\"video_image_container lc_swp_background_image\" data-bgimage=\"https:\/\/www.missflute.ch\/wp-content\/uploads\/2022\/06\/video-still_gracias-a-la-vida.png\">\r\n\t\t\t\t\t\t<i class=\"fas fa-play-circle lc_icon_play_video\" aria-hidden=\"true\"><\/i>\r\n\t\t\t\t\t<\/div>\r\n\t\t\t\t<\/a>\r\n\r\n\t\t\t\t<a href=\"https:\/\/www.missflute.ch\/de\/js_videos\/gracias-a-la-vida\/\">\r\n\t\t\t\t\t<h3 class=\"video_title transition3\"> Gracias a la vida <\/h3>\r\n\t\t\t\t<\/a>\r\n\t\t\t<\/div>\r\n\t\t\t\r\n\t<\/div>\r\n\t[\/vc_column_inner][vc_column_inner width=&#187;1\/3&#8243;][vc_cta h2=&#187;Live-Stream und Video-Konzerte&#187; add_button=&#187;bottom&#187; btn_title=&#187;Jetzt anfragen&#187; btn_style=&#187;flat&#187; btn_shape=&#187;round&#187; btn_color=&#187;mulled-wine&#187; btn_size=&#187;lg&#187; btn_align=&#187;center&#187; btn_link=&#187;url:%2Fde%2Fkontakt%2F|title:Kontakt||&#187;]Gemeinsam Konzerte geniessen \u2013 unabh\u00e4ngig vom Ort[\/vc_cta][vc_column_text]<\/p>\n<h2>Bericht einer Online-Konzertbesucherin<\/h2>\n<p>\u00abWow, das war super sch\u00f6n. Wir haben zu f\u00fcnft zugeh\u00f6rt und sind begeistert. Vielen herzlichen Dank euch beiden. Was f\u00fcr sch\u00f6ne Musik, welch eine Freude im Goms vor knisterndem Feuer \u00fcber die Stereoanlage! Wie sch\u00f6n!\u00bb<\/p>\n<p><em>Daniela Scharfetter, Embrach<\/em>[\/vc_column_text][\/vc_column_inner][\/vc_row_inner][\/vc_column][\/vc_row]<\/p>\n<\/div>","protected":false},"excerpt":{"rendered":"<p>[vc_row][vc_column][vc_row_inner][vc_column_inner width=&#187;2\/3&#8243;][vc_column_text]Wollten Sie schon immer Ihre Freunde aus der ganzen Welt zu einem Konzert einladen? Mit den Live-Stream-Konzerten von Miss Flute ist das jederzeit m\u00f6glich \u2013 und zwar ohne dass jemand reisen muss. Sie w\u00fcnschen einfach den Musikstil, die Zeit&#8230;<\/p>\n","protected":false},"author":3,"featured_media":0,"parent":2677,"menu_order":0,"comment_status":"closed","ping_status":"closed","template":"","meta":{"footnotes":""},"class_list":["post-4914","page","type-page","status-publish","hentry"],"_links":{"self":[{"href":"https:\/\/www.missflute.ch\/de\/wp-json\/wp\/v2\/pages\/4914","targetHints":{"allow":["GET"]}}],"collection":[{"href":"https:\/\/www.missflute.ch\/de\/wp-json\/wp\/v2\/pages"}],"about":[{"href":"https:\/\/www.missflute.ch\/de\/wp-json\/wp\/v2\/types\/page"}],"author":[{"embeddable":true,"href":"https:\/\/www.missflute.ch\/de\/wp-json\/wp\/v2\/users\/3"}],"replies":[{"embeddable":true,"href":"https:\/\/www.missflute.ch\/de\/wp-json\/wp\/v2\/comments?post=4914"}],"version-history":[{"count":47,"href":"https:\/\/www.missflute.ch\/de\/wp-json\/wp\/v2\/pages\/4914\/revisions"}],"predecessor-version":[{"id":5043,"href":"https:\/\/www.missflute.ch\/de\/wp-json\/wp\/v2\/pages\/4914\/revisions\/5043"}],"up":[{"embeddable":true,"href":"https:\/\/www.missflute.ch\/de\/wp-json\/wp\/v2\/pages\/2677"}],"wp:attachment":[{"href":"https:\/\/www.missflute.ch\/de\/wp-json\/wp\/v2\/media?parent=4914"}],"curies":[{"name":"wp","href":"https:\/\/api.w.org\/{rel}","templated":true}]}}