{"id":4971,"date":"2022-06-10T10:13:03","date_gmt":"2022-06-10T08:13:03","guid":{"rendered":"https:\/\/www.missflute.ch\/?page_id=4971"},"modified":"2022-06-16T08:37:54","modified_gmt":"2022-06-16T06:37:54","slug":"online-unterricht","status":"publish","type":"page","link":"https:\/\/www.missflute.ch\/de\/unterricht\/online-unterricht\/","title":{"rendered":"Online-Unterricht"},"content":{"rendered":"<div class=\"wpb-content-wrapper\"><p>[vc_row][vc_column][vc_row_inner][vc_column_inner width=&#187;2\/3&#8243;][vc_single_image image=&#187;5000&#8243; img_size=&#187;full&#187;][vc_column_text]Meinen Unterricht mit pers\u00f6nlicher Note biete ich auch online an. So k\u00f6nnen Sie bei mir Unterricht nehmen wo und wann Sie w\u00fcnschen \u2013 von regional bis international, bei Ihnen zu Hause oder wo Sie gerade sind. Meinen Online-Unterricht gibt es f\u00fcr Laien wie f\u00fcr Profis, f\u00fcr Einzelpersonen wie f\u00fcr Gruppen. Unterrichtsprachen: Deutsch, Englisch und Franz\u00f6sisch.[\/vc_column_text][vc_column_text]<\/p>\n<h2>Practise-Circle online<\/h2>\n<p>M\u00f6chten Sie sich spielend auf ein Konzert oder auf eine Aufnahmepr\u00fcfung vorbereiten? M\u00f6chten Sie dazu praktische Tipps erhalten? Meine Online-Vorbereitung spart Ihnen Anfahrtswege und Zeit. Den Practice Circle online biete ich f\u00fcr Einzelpersonen und Gruppen an.<\/p>\n<p>Die Sitzung zeichne ich auf; Sie k\u00f6nnen sie kostenlos immer wieder abrufen.[\/vc_column_text][vc_column_text]<\/p>\n<h2>Online-Coaching<\/h2>\n<p>Haben Sie musikalische Fragen zum Beispiel zur Interpretation einer Komposition? Haben Sie Fragen zu Haltung Atmung und Klang? Oder m\u00f6chten Sie sich mental auf Ihren Auftritt vorbereiten? In meinem Online-Coaching hat es Platz alle Fragen \u2013 von der physischen Vorbereitung bis zum Umgang mit Lampenfieber. Das Angebot eignet sich f\u00fcr Einzelpersonen wie f\u00fcr Gruppen.<\/p>\n<p>Die Sitzung zeichne ich auf; Sie k\u00f6nnen sie kostenlos immer wieder abrufen.[\/vc_column_text][vc_btn title=&#187;Jetzt anfragen&#187; style=&#187;flat&#187; shape=&#187;round&#187; color=&#187;mulled-wine&#187; size=&#187;lg&#187; align=&#187;center&#187; link=&#187;url:%2Fde%2Fkontakt%2F|title:Kontakt&#187; css=&#187;.vc_custom_1655361334299{padding-bottom: 20px !important;}&#187;][\/vc_column_inner][vc_column_inner width=&#187;1\/3&#8243;][vc_cta h2=&#187;Online-Unterricht&#187;]Angebot f\u00fcr Laien und Profis sowie f\u00fcr Einzelpersonen und Gruppen.<\/p>\n<p><strong>Unterrichtsprachen:<\/strong> Deutsch, Englisch und Franz\u00f6sisch<\/p>\n<p><strong>Dauer Einzellektion:<\/strong> 40\u201360 Minuten<br \/>\n<strong>Kosten Einzellektionen:<\/strong><br \/>\n60 Minuten = CHF 80.\u2013<br \/>\n50 Minuten = CHF 70.\u2013<br \/>\n40 Minuten = CHF 60.\u2013<\/p>\n<p>Probelektion gratis. Rabatt von 20\u00a0% f\u00fcr Kinder, Jugendliche und Studenten.<\/p>\n<p><strong>Dauer Gruppenlektionen\/Workshops:<\/strong> ab 120 Minuten<br \/>\n<strong>Kosten Gruppenlektionen\/Workshops:<\/strong> Preis auf Anfrage<\/p>\n<p><strong>Voraussetzungen:<\/strong><\/p>\n<ul>\n<li>Laptop oder Tablet<\/li>\n<li>gute Internetverbindung<\/li>\n<li>Software: <a style=\"text-decoration: underline;\" href=\"http:\/\/www.doozzoo.com\/de\" target=\"_blank\" rel=\"noopener\">Doozzoo<\/a> (ohne Klangverz\u00f6gerung), Zoom oder Skype (mit wenig Klangverz\u00f6gerung). Die Registrierung ist f\u00fcr alle Dienste kostenlos<\/li>\n<\/ul>\n<p>[\/vc_cta][\/vc_column_inner][\/vc_row_inner][vc_row_inner css=&#187;.vc_custom_1577789197020{margin-top: 0px !important;padding-top: 0px !important;}&#187;][vc_column_inner css=&#187;.vc_custom_1654851248463{margin-top: 20px !important;padding-top: 20px !important;padding-bottom: 12px !important;background-color: rgba(127,35,71,0.1) !important;*background-color: rgb(127,35,71) !important;}&#187;][vc_column_text]<\/p>\n<p style=\"margin-top: 0;\"><a href=\"\/de\/unterricht\/region-basel\/\">Querfl\u00f6tenunterricht Region Basel<\/a><\/p>\n<p style=\"margin-top: 0;\"><a href=\"\/de\/unterricht\/zuercher-unterland\/\">Querfl\u00f6tenunterricht Z\u00fcrcher Unterland<\/a><\/p>\n<p>[\/vc_column_text][\/vc_column_inner][\/vc_row_inner][\/vc_column][\/vc_row]<\/p>\n<\/div>","protected":false},"excerpt":{"rendered":"<p>[vc_row][vc_column][vc_row_inner][vc_column_inner width=&#187;2\/3&#8243;][vc_single_image image=&#187;5000&#8243; img_size=&#187;full&#187;][vc_column_text]Meinen Unterricht mit pers\u00f6nlicher Note biete ich auch online an. So k\u00f6nnen Sie bei mir Unterricht nehmen wo und wann Sie w\u00fcnschen \u2013 von regional bis international, bei Ihnen zu Hause oder wo Sie gerade sind. Meinen&#8230;<\/p>\n","protected":false},"author":3,"featured_media":0,"parent":2499,"menu_order":0,"comment_status":"closed","ping_status":"closed","template":"","meta":{"footnotes":""},"class_list":["post-4971","page","type-page","status-publish","hentry"],"_links":{"self":[{"href":"https:\/\/www.missflute.ch\/de\/wp-json\/wp\/v2\/pages\/4971","targetHints":{"allow":["GET"]}}],"collection":[{"href":"https:\/\/www.missflute.ch\/de\/wp-json\/wp\/v2\/pages"}],"about":[{"href":"https:\/\/www.missflute.ch\/de\/wp-json\/wp\/v2\/types\/page"}],"author":[{"embeddable":true,"href":"https:\/\/www.missflute.ch\/de\/wp-json\/wp\/v2\/users\/3"}],"replies":[{"embeddable":true,"href":"https:\/\/www.missflute.ch\/de\/wp-json\/wp\/v2\/comments?post=4971"}],"version-history":[{"count":27,"href":"https:\/\/www.missflute.ch\/de\/wp-json\/wp\/v2\/pages\/4971\/revisions"}],"predecessor-version":[{"id":5105,"href":"https:\/\/www.missflute.ch\/de\/wp-json\/wp\/v2\/pages\/4971\/revisions\/5105"}],"up":[{"embeddable":true,"href":"https:\/\/www.missflute.ch\/de\/wp-json\/wp\/v2\/pages\/2499"}],"wp:attachment":[{"href":"https:\/\/www.missflute.ch\/de\/wp-json\/wp\/v2\/media?parent=4971"}],"curies":[{"name":"wp","href":"https:\/\/api.w.org\/{rel}","templated":true}]}}