{"id":4411,"date":"2021-03-18T17:42:13","date_gmt":"2021-03-18T16:42:13","guid":{"rendered":"https:\/\/dev.missflute.ch\/?post_type=product&#038;p=4411"},"modified":"2022-08-03T09:58:14","modified_gmt":"2022-08-03T07:58:14","slug":"butterfly-power","status":"publish","type":"product","link":"https:\/\/www.missflute.ch\/de\/produkt\/butterfly-power\/","title":{"rendered":"Butterfly Power"},"content":{"rendered":"<p>Ver\u00f6ffentlichung: 2019<\/p>\n<p>Mit Werken von J. B. Boismortier, J. S. Bach, B. Bart\u00f3k, C. Debussy, G. F. H\u00e4ndel, W. A. Mozart, L. Bonfa, C. Machado, M. Mower u. a.<\/p>\n<p><strong>Myriam Hidber Dickinson<\/strong> \u2013 Fl\u00f6te<\/p>\n<p>Als G\u00e4ste:<br \/>\n<strong>Douglas Bruce<\/strong> \u2013 Orgel<br \/>\n<strong>John Dickinson<\/strong> \u2013 Vibraphon und Perkussion<br \/>\n<strong>Edmauro de Oliveira<\/strong> \u2013 Gitarre<br \/>\n<strong>See Siang Wong<\/strong> \u2013 Klavier<br \/>\n<strong>Ilse Zeuner<\/strong> \u2013 Gesang<\/p>\n","protected":false},"excerpt":{"rendered":"<p>Musik, um zu tr\u00e4umen. Musik, um Kraft zu sch\u00f6pfen. Von Klassik \u00fcber Folk bis zu Jazz. Farbig schillernd wie die Fl\u00fcgel eines Schmetterlings, der kraftvoll im Sonnenlicht gen S\u00fcden fliegt.<\/p>\n<h3>H\u00f6rproben<\/h3>\n<p>1.Lentement, Rondeau-Gravement, Autre Rondeau-Gaiement<\/p>\n[audio mp3=\"https:\/\/www.missflute.ch\/wp-content\/uploads\/2020\/01\/01_j-b-de-boismortier_lentement_rondeau-gravement_autre-rondeau-gaiment-fuer-solofloete.mp3\"][\/audio]\n<p>2.Allemande, Partita in A-Moll<\/p>\n[audio mp3=\"https:\/\/www.missflute.ch\/wp-content\/uploads\/2020\/01\/03_j-s-bach_allemande-partita-in-a-minor_myriam-hidber-dickinson.mp3\"][\/audio]\n<p>3.Meine Seele h\u00f6rt im Sehen<\/p>\n[audio mp3=\"https:\/\/www.missflute.ch\/wp-content\/uploads\/2020\/01\/04_g-f-haendel_meine-seele-hoert-im-sehen_myriam-hidber-dickinson.mp3\"][\/audio]\n<p>&nbsp;<\/p>\n","protected":false},"featured_media":4457,"template":"","meta":[],"product_brand":[],"product_cat":[104],"product_tag":[105],"class_list":{"0":"post-4411","1":"product","2":"type-product","3":"status-publish","4":"has-post-thumbnail","6":"product_cat-cd","7":"product_tag-doppel-cd","9":"first","10":"instock","11":"shipping-taxable","12":"purchasable","13":"product-type-simple"},"_links":{"self":[{"href":"https:\/\/www.missflute.ch\/de\/wp-json\/wp\/v2\/product\/4411","targetHints":{"allow":["GET"]}}],"collection":[{"href":"https:\/\/www.missflute.ch\/de\/wp-json\/wp\/v2\/product"}],"about":[{"href":"https:\/\/www.missflute.ch\/de\/wp-json\/wp\/v2\/types\/product"}],"wp:featuredmedia":[{"embeddable":true,"href":"https:\/\/www.missflute.ch\/de\/wp-json\/wp\/v2\/media\/4457"}],"wp:attachment":[{"href":"https:\/\/www.missflute.ch\/de\/wp-json\/wp\/v2\/media?parent=4411"}],"wp:term":[{"taxonomy":"product_brand","embeddable":true,"href":"https:\/\/www.missflute.ch\/de\/wp-json\/wp\/v2\/product_brand?post=4411"},{"taxonomy":"product_cat","embeddable":true,"href":"https:\/\/www.missflute.ch\/de\/wp-json\/wp\/v2\/product_cat?post=4411"},{"taxonomy":"product_tag","embeddable":true,"href":"https:\/\/www.missflute.ch\/de\/wp-json\/wp\/v2\/product_tag?post=4411"}],"curies":[{"name":"wp","href":"https:\/\/api.w.org\/{rel}","templated":true}]}}