{"id":4437,"date":"2021-03-19T10:07:11","date_gmt":"2021-03-19T09:07:11","guid":{"rendered":"https:\/\/dev.missflute.ch\/?post_type=product&#038;p=4437"},"modified":"2023-08-22T16:25:43","modified_gmt":"2023-08-22T14:25:43","slug":"reflexions","status":"publish","type":"product","link":"https:\/\/www.missflute.ch\/de\/produkt\/reflexions\/","title":{"rendered":"Reflexions"},"content":{"rendered":"<p>Ver\u00f6ffentlichung: 2019<br \/>\nProducer: Eric Lewis<\/p>\n<p>Duo Belladonna:<br \/>\n<strong>Myriam Hidber Dickinson<\/strong> \u2013 Fl\u00f6te, Gesang<br \/>\n<strong>Carmen Ehinger<\/strong> \u2013 Akkordeon, Drehleier, Gesang, keltische Harfe<\/p>\n<p>Als Gast:<br \/>\n<strong>Barbara Sutter<\/strong> \u2013 Gitarre, Gesang, Perkussion<\/p>\n","protected":false},"excerpt":{"rendered":"<p>Musikalisch die vier Jahreszeiten entdecken: zur\u00fcckdenken an sch\u00f6ne Momente, einen Blick wagen in die Zukunft, Nachdenklichkeit, das Prickeln der Vorfreude, das immer wieder Neuentdecken der Sch\u00f6nheiten, welche jede Jahreszeit in sich birgt.<\/p>\n<p>So vielfarbig und schillernd wie ein Regenbogen in der keltischen Landschaft ist die Musik des Duos Belladonna. Improvisierend gespielt \u2013 gespielt improvisiert und singend erz\u00e4hlt \u2013 erz\u00e4hlt gesungen. St\u00fccke aus der keltischen Musikwelt, welche zum Mittr\u00e4umen, Mitsingen und Mittanzen einladen, sei es unter freiem Himmel in einem Schlossgarten, sei es in einem franz\u00f6sischen Bistro, sei es in einem Hof unter den Linden, sei es in einem historischen Gew\u00f6lbekeller, sei es in einer Kapelle &#8230;<\/p>\n<h3>H\u00f6rprobe<\/h3>\n<p>[audio mp3=\"https:\/\/www.missflute.ch\/wp-content\/uploads\/2020\/01\/cd_reflexions_duo-delladonna_myriam-hidber-dickinson.mp3\"][\/audio]<br \/>\n&nbsp;<\/p>\n","protected":false},"featured_media":4454,"template":"","meta":[],"product_brand":[],"product_cat":[104],"product_tag":[],"class_list":{"0":"post-4437","1":"product","2":"type-product","3":"status-publish","4":"has-post-thumbnail","6":"product_cat-cd","8":"first","9":"instock","10":"shipping-taxable","11":"purchasable","12":"product-type-simple"},"_links":{"self":[{"href":"https:\/\/www.missflute.ch\/de\/wp-json\/wp\/v2\/product\/4437","targetHints":{"allow":["GET"]}}],"collection":[{"href":"https:\/\/www.missflute.ch\/de\/wp-json\/wp\/v2\/product"}],"about":[{"href":"https:\/\/www.missflute.ch\/de\/wp-json\/wp\/v2\/types\/product"}],"wp:featuredmedia":[{"embeddable":true,"href":"https:\/\/www.missflute.ch\/de\/wp-json\/wp\/v2\/media\/4454"}],"wp:attachment":[{"href":"https:\/\/www.missflute.ch\/de\/wp-json\/wp\/v2\/media?parent=4437"}],"wp:term":[{"taxonomy":"product_brand","embeddable":true,"href":"https:\/\/www.missflute.ch\/de\/wp-json\/wp\/v2\/product_brand?post=4437"},{"taxonomy":"product_cat","embeddable":true,"href":"https:\/\/www.missflute.ch\/de\/wp-json\/wp\/v2\/product_cat?post=4437"},{"taxonomy":"product_tag","embeddable":true,"href":"https:\/\/www.missflute.ch\/de\/wp-json\/wp\/v2\/product_tag?post=4437"}],"curies":[{"name":"wp","href":"https:\/\/api.w.org\/{rel}","templated":true}]}}