{"id":4459,"date":"2021-03-22T15:48:34","date_gmt":"2021-03-22T14:48:34","guid":{"rendered":"https:\/\/dev.missflute.ch\/?post_type=product&#038;p=4459"},"modified":"2023-08-24T11:11:28","modified_gmt":"2023-08-24T09:11:28","slug":"bach-b","status":"publish","type":"product","link":"https:\/\/www.missflute.ch\/de\/produkt\/bach-b\/","title":{"rendered":"Bach &#038; B"},"content":{"rendered":"<p>Ver\u00f6ffentlichung: 2007<\/p>\n<p>Kompositionen von: J. S. Bach, B. Bart\u00f3k, Z. Abreu, J. de Bandolim, C. A. Jobim, R. B. Maio, A. Piazzolla, A. Pixinguinha, D. Reis u. a.<\/p>\n<p>Duo Bachdan\u00e7a:<br \/>\n<strong>Myriam Hidber Dickinson<\/strong> \u2013 Fl\u00f6te<br \/>\n<strong>Edmauro de Oliveira<\/strong> \u2013 Gitarre<\/p>\n<p>Als Gast:<br \/>\n<strong>John Dickinson<\/strong> \u2013 Perkussion<\/p>\n","protected":false},"excerpt":{"rendered":"<p>Eine Br\u00fccke schlagen zwischen den zwei Welten, die barocke Seele Europas auf die barocke musikalische Seele Brasiliens treffen lassen, die Musik Bela Bart\u00f3ks als rhythmisches Element mit einbeziehen und tanzend Johann Sebastian Bach erklingen lassen.<\/p>\n<p>Lassen Sie sich mitreissen von einem rhythmischen Samba, tr\u00e4umen Sie bei einem melodi\u00f6sen Bossa Nova oder einem melancholisch-fr\u00f6hlichen Choro und tanzen Sie in Gedanken zu einem feurigen Tango. Mit der CD des Duos Bachdan\u00e7a tauchen Sie ein in das Lebensgef\u00fchl von Argentinien und Brasilien.<\/p>\n<h3>H\u00f6rbeispiele<\/h3>\n<p>1. C. Ph. E. Bach: Sonate in D-Dur, Andante<\/p>\n[audio mp3=\"https:\/\/www.missflute.ch\/wp-content\/uploads\/2020\/01\/01_c-ph-e-bach_sonate-in-d-major_duo-bachdanca.mp3\"][\/audio]\n<p>2. E. Nazareth: Bambino<\/p>\n[audio mp3=\"https:\/\/www.missflute.ch\/wp-content\/uploads\/2020\/01\/04_e-nazareth_-bambino_duo-bachdanca.mp3\"][\/audio]\n<p>3. B. Bart\u00f3k: Joc cu b\u00e2ta<\/p>\n<p>[audio mp3=\"https:\/\/www.missflute.ch\/wp-content\/uploads\/2020\/01\/11_b_bartok_joc-cu-bata_duo-bachdanca.mp3\"][\/audio]<br \/>\n&nbsp;<\/p>\n","protected":false},"featured_media":4461,"template":"","meta":[],"product_brand":[],"product_cat":[104],"product_tag":[],"class_list":{"0":"post-4459","1":"product","2":"type-product","3":"status-publish","4":"has-post-thumbnail","6":"product_cat-cd","8":"first","9":"instock","10":"shipping-taxable","11":"purchasable","12":"product-type-simple"},"_links":{"self":[{"href":"https:\/\/www.missflute.ch\/de\/wp-json\/wp\/v2\/product\/4459","targetHints":{"allow":["GET"]}}],"collection":[{"href":"https:\/\/www.missflute.ch\/de\/wp-json\/wp\/v2\/product"}],"about":[{"href":"https:\/\/www.missflute.ch\/de\/wp-json\/wp\/v2\/types\/product"}],"wp:featuredmedia":[{"embeddable":true,"href":"https:\/\/www.missflute.ch\/de\/wp-json\/wp\/v2\/media\/4461"}],"wp:attachment":[{"href":"https:\/\/www.missflute.ch\/de\/wp-json\/wp\/v2\/media?parent=4459"}],"wp:term":[{"taxonomy":"product_brand","embeddable":true,"href":"https:\/\/www.missflute.ch\/de\/wp-json\/wp\/v2\/product_brand?post=4459"},{"taxonomy":"product_cat","embeddable":true,"href":"https:\/\/www.missflute.ch\/de\/wp-json\/wp\/v2\/product_cat?post=4459"},{"taxonomy":"product_tag","embeddable":true,"href":"https:\/\/www.missflute.ch\/de\/wp-json\/wp\/v2\/product_tag?post=4459"}],"curies":[{"name":"wp","href":"https:\/\/api.w.org\/{rel}","templated":true}]}}