{"id":4463,"date":"2021-03-22T16:02:03","date_gmt":"2021-03-22T15:02:03","guid":{"rendered":"https:\/\/dev.missflute.ch\/?post_type=product&#038;p=4463"},"modified":"2022-04-08T10:44:00","modified_gmt":"2022-04-08T08:44:00","slug":"jazz-meets-impressionism","status":"publish","type":"product","link":"https:\/\/www.missflute.ch\/de\/produkt\/jazz-meets-impressionism\/","title":{"rendered":"Jazz Meets Impressionism"},"content":{"rendered":"<p>Ver\u00f6ffentlichung: 2004<\/p>\n<p>Mit Werken von Claude Debussy, Georg Gershwin, Carl Nielsen, Astor Piazzolla u. a.<\/p>\n<p>Duo Oblivion:<br \/>\n<strong>Myriam Hidber Dickinson<\/strong> \u2013 Fl\u00f6te<br \/>\n<strong>See Siang Wong<\/strong> \u2013 Klavier<\/p>\n","protected":false},"excerpt":{"rendered":"<p>Auf den ersten Blick erscheint es r\u00e4tselhaft, ob Jazz und Impressionismus etwas gemeinsam haben. H\u00f6rt man jedoch genauer hin, entdeckt man zwischen diesen zwei Stilrichtungen eine erstaunliche Zahl von Beziehungen und sogar Verschmelzungen. Denn einerseits zeigten sich die franz\u00f6sischen Komponisten bereits zu Beginn des 20. Jahrhunderts sehr offen gegen\u00fcber aussereurop\u00e4ischen Einfl\u00fcssen, andererseits begannen sich viele Jazzmusiker f\u00fcr die klassische europ\u00e4ische Musik zu interessieren.<\/p>\n<h3>H\u00f6rbeispiele<\/h3>\n<p>1. Caf\u00e9 1930<\/p>\n[audio mp3=\"https:\/\/www.missflute.ch\/wp-content\/uploads\/2019\/11\/01_cafe-1930_duo-oblivion_myriam-hidber-dickinson.mp3\"][\/audio]\n<p>2. Pour Invoquer Pan<\/p>\n[audio mp3=\"https:\/\/www.missflute.ch\/wp-content\/uploads\/2019\/11\/05_pour-invoquer-pan_duo-oblivion_myriam-hidber-dickinson.mp3\"][\/audio]\n<p>3. Manha De Carneval<\/p>\n<p>[audio mp3=\"https:\/\/www.missflute.ch\/wp-content\/uploads\/2019\/11\/09_manha-de-carneval_duo-oblivion_myriam-hidber-dickinson.mp3\"][\/audio]<br \/>\n&nbsp;<\/p>\n","protected":false},"featured_media":4464,"template":"","meta":[],"product_brand":[],"product_cat":[104],"product_tag":[],"class_list":{"0":"post-4463","1":"product","2":"type-product","3":"status-publish","4":"has-post-thumbnail","6":"product_cat-cd","8":"first","9":"instock","10":"shipping-taxable","11":"purchasable","12":"product-type-simple"},"_links":{"self":[{"href":"https:\/\/www.missflute.ch\/de\/wp-json\/wp\/v2\/product\/4463","targetHints":{"allow":["GET"]}}],"collection":[{"href":"https:\/\/www.missflute.ch\/de\/wp-json\/wp\/v2\/product"}],"about":[{"href":"https:\/\/www.missflute.ch\/de\/wp-json\/wp\/v2\/types\/product"}],"wp:featuredmedia":[{"embeddable":true,"href":"https:\/\/www.missflute.ch\/de\/wp-json\/wp\/v2\/media\/4464"}],"wp:attachment":[{"href":"https:\/\/www.missflute.ch\/de\/wp-json\/wp\/v2\/media?parent=4463"}],"wp:term":[{"taxonomy":"product_brand","embeddable":true,"href":"https:\/\/www.missflute.ch\/de\/wp-json\/wp\/v2\/product_brand?post=4463"},{"taxonomy":"product_cat","embeddable":true,"href":"https:\/\/www.missflute.ch\/de\/wp-json\/wp\/v2\/product_cat?post=4463"},{"taxonomy":"product_tag","embeddable":true,"href":"https:\/\/www.missflute.ch\/de\/wp-json\/wp\/v2\/product_tag?post=4463"}],"curies":[{"name":"wp","href":"https:\/\/api.w.org\/{rel}","templated":true}]}}