{"id":4485,"date":"2021-03-22T17:15:52","date_gmt":"2021-03-22T16:15:52","guid":{"rendered":"https:\/\/dev.missflute.ch\/?post_type=product&#038;p=4485"},"modified":"2022-03-14T17:28:16","modified_gmt":"2022-03-14T16:28:16","slug":"musica-sin-fronteras-download","status":"publish","type":"product","link":"https:\/\/www.missflute.ch\/de\/produkt\/musica-sin-fronteras-download\/","title":{"rendered":"M\u00fasica sin Fronteras I"},"content":{"rendered":"<p>Ver\u00f6ffentlichung: 2020<br \/>\nLabel: Miss Flute \u2013 Special Creative Projects<\/p>\n<p>Das CD-Projekt <em>M\u00fasica sin Fronteras<\/em> (Musik ohne Grenzen) entstand aus dem Bed\u00fcrfnis von Myriam Hidber Dickinson aus der Schweiz und Jean Carlos Romero Torres aus Venezuela den Menschen in Zeiten der Pandemie \u2013 aber auch dar\u00fcber hinaus \u2013 durch Musik Liebe, Hoffnung und Kraft zu vermitteln. Myriam und Jean Carlos haben sich im Fr\u00fchjahr 2020 via Internet kennengelernt und beschlossen, getrennt in ihren Heimatl\u00e4ndern die Musik f\u00fcr diese CD aufzunehmen und herauszugeben.<\/p>\n<h4>CD-Booklet<\/h4>\n<p><a href=\"\/wp-content\/uploads\/2021\/03\/booklet-musica-sin-fronteras_download.pdf\" target=\"_blank\" rel=\"noopener\"><img loading=\"lazy\" decoding=\"async\" class=\"alignnone size-thumbnail wp-image-4470\" src=\"\/wp-content\/uploads\/2021\/03\/album-cover-musica-sin-fronteras-150x150.jpg\" alt=\"\" width=\"150\" height=\"150\" srcset=\"https:\/\/www.missflute.ch\/wp-content\/uploads\/2021\/03\/album-cover-musica-sin-fronteras-150x150.jpg 150w, https:\/\/www.missflute.ch\/wp-content\/uploads\/2021\/03\/album-cover-musica-sin-fronteras-300x300.jpg 300w, https:\/\/www.missflute.ch\/wp-content\/uploads\/2021\/03\/album-cover-musica-sin-fronteras-100x100.jpg 100w, https:\/\/www.missflute.ch\/wp-content\/uploads\/2021\/03\/album-cover-musica-sin-fronteras-600x600.jpg 600w, https:\/\/www.missflute.ch\/wp-content\/uploads\/2021\/03\/album-cover-musica-sin-fronteras-768x768.jpg 768w, https:\/\/www.missflute.ch\/wp-content\/uploads\/2021\/03\/album-cover-musica-sin-fronteras.jpg 800w\" sizes=\"auto, (max-width: 150px) 100vw, 150px\" \/><\/a><\/p>\n","protected":false},"excerpt":{"rendered":"<p>Die <em>M\u00fasica sin Fronteras I<\/em> bringt uns die verschiedenen Musikstile Venezuelas n\u00e4her und l\u00e4sst uns zu den Kl\u00e4ngen von Fl\u00f6te und dem traditionellen Instrument Cuatro sowie zu Gesang, Gitarre, Klavier, Perkussion tr\u00e4umend Grenzen \u00fcberschreiten.<\/p>\n<h3>H\u00f6rbeispiele<\/h3>\n<p>11. Lueget vo Barge und Tal<\/p>\n[audio mp3=\"https:\/\/www.missflute.ch\/wp-content\/uploads\/2021\/03\/11_lueget-vo-barge-und-tal.mp3\"][\/audio]\n<p>12. Venezuela<\/p>\n[audio mp3=\"https:\/\/www.missflute.ch\/wp-content\/uploads\/2021\/03\/12_venezuela.mp3\"][\/audio]\n<p>9. Maracaibera<\/p>\n[audio mp3=\"https:\/\/www.missflute.ch\/wp-content\/uploads\/2021\/03\/09_maracaibera.mp3\"][\/audio]\n<p>&nbsp;<\/p>\n","protected":false},"featured_media":4486,"template":"","meta":[],"product_brand":[],"product_cat":[109],"product_tag":[],"class_list":{"0":"post-4485","1":"product","2":"type-product","3":"status-publish","4":"has-post-thumbnail","6":"product_cat-downloads","8":"first","9":"instock","10":"downloadable","11":"virtual","12":"purchasable","13":"product-type-simple"},"_links":{"self":[{"href":"https:\/\/www.missflute.ch\/de\/wp-json\/wp\/v2\/product\/4485","targetHints":{"allow":["GET"]}}],"collection":[{"href":"https:\/\/www.missflute.ch\/de\/wp-json\/wp\/v2\/product"}],"about":[{"href":"https:\/\/www.missflute.ch\/de\/wp-json\/wp\/v2\/types\/product"}],"wp:featuredmedia":[{"embeddable":true,"href":"https:\/\/www.missflute.ch\/de\/wp-json\/wp\/v2\/media\/4486"}],"wp:attachment":[{"href":"https:\/\/www.missflute.ch\/de\/wp-json\/wp\/v2\/media?parent=4485"}],"wp:term":[{"taxonomy":"product_brand","embeddable":true,"href":"https:\/\/www.missflute.ch\/de\/wp-json\/wp\/v2\/product_brand?post=4485"},{"taxonomy":"product_cat","embeddable":true,"href":"https:\/\/www.missflute.ch\/de\/wp-json\/wp\/v2\/product_cat?post=4485"},{"taxonomy":"product_tag","embeddable":true,"href":"https:\/\/www.missflute.ch\/de\/wp-json\/wp\/v2\/product_tag?post=4485"}],"curies":[{"name":"wp","href":"https:\/\/api.w.org\/{rel}","templated":true}]}}