{"id":4648,"date":"2022-03-14T11:17:33","date_gmt":"2022-03-14T10:17:33","guid":{"rendered":"https:\/\/www.missflute.ch\/?post_type=product&#038;p=4648"},"modified":"2023-03-17T11:14:18","modified_gmt":"2023-03-17T10:14:18","slug":"musica-sin-fronteras-2-download","status":"publish","type":"product","link":"https:\/\/www.missflute.ch\/de\/produkt\/musica-sin-fronteras-2-download\/","title":{"rendered":"M\u00fasica sin Fronteras II"},"content":{"rendered":"<p>Ver\u00f6ffentlichung: 2022<br \/>\nLabel: Miss Flute \u2013 Special Creative Projects<\/p>\n<p>Die Zukunft geh\u00f6rt denjenigen, die an die Sch\u00f6nheit ihrer Tr\u00e4ume glauben.<\/p>\n<p>Das Projekt Musik ohne Grenzen wurde vor einem Jahr von den beiden Musikern Myriam Hidber Dickinson aus der Schweiz und <a href=\"http:\/\/jeancarlosromero.com\" target=\"_blank\" rel=\"noopener\">Jean Carlos Romero<\/a> aus Venezuela aus dem Traum heraus entwickelt, dass es trotz Corona und Lockdown m\u00f6glich sein muss, \u00fcber Grenzen hinweg Musik zu machen. Da\u00a0<a href=\"https:\/\/www.missflute.ch\/de\/produkt\/musica-sin-fronteras-download\/\">M\u00fasica sin fronteras I<\/a> sehr gut ankam, haben die beiden Musiker beschlossen, ihren Traum weiter zu verfolgen und freuen sich sehr, M\u00fasica sin fronteras II zu pr\u00e4sentieren.<\/p>\n<p>Alle Lieder sind von Jean Carlos Romero komponiert und\/oder arrangiert \u2013 in einer musikalischen Sprache, die einfach von Herz zu Herz fliesst. Die Interpretationen der Fl\u00f6tistin Myriam Hidber Dickinson und von Jean Carlos Romero \u2013 bzw. von den S\u00e4ngerinnen und S\u00e4ngern aus Jean Carlos Romeros Heimatstadt \u2013 lassen vergessen, dass die Schweiz und Venezuela durch eine grosse Distanz und durch viele Grenzen getrennt sind.<\/p>\n<p><strong>M\u00fasica sin fronteras \u2013 ein lebendiges H\u00f6rvergn\u00fcgen voller Liebe und Lebendigkeit.<\/strong><\/p>\n<h4>CD-Booklet<\/h4>\n<p><a href=\"\/wp-content\/uploads\/2022\/03\/booklet-musica-sin-fronteras-2_download-1.pdf\" target=\"_blank\" rel=\"noopener\"><img loading=\"lazy\" decoding=\"async\" class=\"alignnone size-thumbnail wp-image-4661\" src=\"https:\/\/www.missflute.ch\/wp-content\/uploads\/2022\/03\/album-cover-musica-sin-fronteras-2-1-150x150.jpg\" alt=\"\" width=\"150\" height=\"150\" srcset=\"https:\/\/www.missflute.ch\/wp-content\/uploads\/2022\/03\/album-cover-musica-sin-fronteras-2-1-150x150.jpg 150w, https:\/\/www.missflute.ch\/wp-content\/uploads\/2022\/03\/album-cover-musica-sin-fronteras-2-1-300x300.jpg 300w, https:\/\/www.missflute.ch\/wp-content\/uploads\/2022\/03\/album-cover-musica-sin-fronteras-2-1-100x100.jpg 100w, https:\/\/www.missflute.ch\/wp-content\/uploads\/2022\/03\/album-cover-musica-sin-fronteras-2-1-600x600.jpg 600w, https:\/\/www.missflute.ch\/wp-content\/uploads\/2022\/03\/album-cover-musica-sin-fronteras-2-1-768x768.jpg 768w, https:\/\/www.missflute.ch\/wp-content\/uploads\/2022\/03\/album-cover-musica-sin-fronteras-2-1.jpg 800w\" sizes=\"auto, (max-width: 150px) 100vw, 150px\" \/><\/a><\/p>\n","protected":false},"excerpt":{"rendered":"<p>Die CD <em>M\u00fasica sin fronteras II<\/em> l\u00e4sst uns mit einer Mischung von Musik aus Venezuela und Melodien aus der Schweiz musikalisch Grenzen \u00fcberschreiten. Sie l\u00e4dt uns dazu ein, verschiedene Momente des Lebens zu feiern: sei dies mit dem Lied zu Ehren der Jugend, dem Lied zum Muttertag, dem Lied der Nostalgie und der Tr\u00e4ume oder einem Lied, welches die Abendstimmung in den Schweizer Bergen beschreibt. Musik f\u00fcr Fl\u00f6te, Gesang, Klavier, Cuatro, Perkussion und Orchester.<\/p>\n<h3>H\u00f6rbeispiele<\/h3>\n<p>CUIDEMOS LA NATURALEZA<\/p>\n[audio mp3=\"https:\/\/www.missflute.ch\/wp-content\/uploads\/2022\/03\/cuidemos-la-naturaleza.mp3\"][\/audio]\n<p>EL AMOR UNIVERSAL<\/p>\n[audio mp3=\"https:\/\/www.missflute.ch\/wp-content\/uploads\/2022\/03\/el-amor-universal.mp3\"][\/audio]\n<p>NOSTALGIA<\/p>\n[audio mp3=\"https:\/\/www.missflute.ch\/wp-content\/uploads\/2022\/03\/nostalgia.mp3\"][\/audio]\n<p>&nbsp;<\/p>\n","protected":false},"featured_media":4668,"template":"","meta":[],"product_brand":[],"product_cat":[109],"product_tag":[],"class_list":{"0":"post-4648","1":"product","2":"type-product","3":"status-publish","4":"has-post-thumbnail","6":"product_cat-downloads","8":"first","9":"instock","10":"downloadable","11":"virtual","12":"purchasable","13":"product-type-simple"},"_links":{"self":[{"href":"https:\/\/www.missflute.ch\/de\/wp-json\/wp\/v2\/product\/4648","targetHints":{"allow":["GET"]}}],"collection":[{"href":"https:\/\/www.missflute.ch\/de\/wp-json\/wp\/v2\/product"}],"about":[{"href":"https:\/\/www.missflute.ch\/de\/wp-json\/wp\/v2\/types\/product"}],"wp:featuredmedia":[{"embeddable":true,"href":"https:\/\/www.missflute.ch\/de\/wp-json\/wp\/v2\/media\/4668"}],"wp:attachment":[{"href":"https:\/\/www.missflute.ch\/de\/wp-json\/wp\/v2\/media?parent=4648"}],"wp:term":[{"taxonomy":"product_brand","embeddable":true,"href":"https:\/\/www.missflute.ch\/de\/wp-json\/wp\/v2\/product_brand?post=4648"},{"taxonomy":"product_cat","embeddable":true,"href":"https:\/\/www.missflute.ch\/de\/wp-json\/wp\/v2\/product_cat?post=4648"},{"taxonomy":"product_tag","embeddable":true,"href":"https:\/\/www.missflute.ch\/de\/wp-json\/wp\/v2\/product_tag?post=4648"}],"curies":[{"name":"wp","href":"https:\/\/api.w.org\/{rel}","templated":true}]}}