{"id":4759,"date":"2022-04-12T17:23:03","date_gmt":"2022-04-12T15:23:03","guid":{"rendered":"https:\/\/www.missflute.ch\/?post_type=product&#038;p=4759"},"modified":"2022-05-16T14:48:27","modified_gmt":"2022-05-16T12:48:27","slug":"galakonzert-zur-eroeffnung-des-kultur-und-kongresshauses-verrucano-mels","status":"publish","type":"product","link":"https:\/\/www.missflute.ch\/de\/produkt\/galakonzert-zur-eroeffnung-des-kultur-und-kongresshauses-verrucano-mels\/","title":{"rendered":"Galakonzert zur Er\u00f6ffnung des Kultur- und Kongresshauses Verrucano, Mels"},"content":{"rendered":"<p>Ver\u00f6ffentlichung: 2022<br \/>\nLabel: \u2013<\/p>\n<p>Die Musikgesellschaft Konkordia Mels hat am 8. Januar 2022 ein Galakonzert zur Er\u00f6ffnung des Kultur- und Kongresshauses Verrucano aufgef\u00fchrt. Unter der Leitung von Christian Marti stellt die Konkordia mit dem Galakonzert unter Beweis, dass das Verrucano die sehr hohen Anforderungen an ein erfolgreiches Konzertgeb\u00e4ude vollumf\u00e4nglich zu erf\u00fcllen vermag.<\/p>\n<p>Die Musikgesellschaft Konkordia Mels besticht mit herausragenden Leistungen von Solisten und Gesamtkorps. Ein Konzert, welches schon vom ersten Ton an, die einmalige Akustik des L\u00f6wensaales im Verrucano zum Klingen brachte. Unterhaltung auf h\u00f6chstem Niveau.<\/p>\n<h4>CD-Booklet<\/h4>\n<p><a href=\"https:\/\/www.missflute.ch\/wp-content\/uploads\/2022\/04\/booklet-galakonzert-verrucano-mels_download-1.pdf\" target=\"_blank\" rel=\"noopener\"><img loading=\"lazy\" decoding=\"async\" class=\"alignnone wp-image-4766 size-thumbnail\" src=\"https:\/\/www.missflute.ch\/wp-content\/uploads\/2022\/04\/booklet-cover-galakonzert-verrucano-mels_download-150x150.jpg\" alt=\"\" width=\"150\" height=\"150\" srcset=\"https:\/\/www.missflute.ch\/wp-content\/uploads\/2022\/04\/booklet-cover-galakonzert-verrucano-mels_download-150x150.jpg 150w, https:\/\/www.missflute.ch\/wp-content\/uploads\/2022\/04\/booklet-cover-galakonzert-verrucano-mels_download-300x300.jpg 300w, https:\/\/www.missflute.ch\/wp-content\/uploads\/2022\/04\/booklet-cover-galakonzert-verrucano-mels_download-100x100.jpg 100w, https:\/\/www.missflute.ch\/wp-content\/uploads\/2022\/04\/booklet-cover-galakonzert-verrucano-mels_download-600x600.jpg 600w, https:\/\/www.missflute.ch\/wp-content\/uploads\/2022\/04\/booklet-cover-galakonzert-verrucano-mels_download-768x768.jpg 768w, https:\/\/www.missflute.ch\/wp-content\/uploads\/2022\/04\/booklet-cover-galakonzert-verrucano-mels_download.jpg 800w\" sizes=\"auto, (max-width: 150px) 100vw, 150px\" \/><\/a><\/p>\n","protected":false},"excerpt":{"rendered":"<p>Die CD des Galakonzertes der Musikgesellschaft Konkordia ist Unterhaltung auf h\u00f6chstem Niveau. Neben Klassikern wie Schostakowitschs \u00abSecond Waltz\u00bb oder Sinatras \u00abMy Way\u00bb oder einer Fantasie \u00fcber die Oper Carmen f\u00fcr Fl\u00f6te und Blasorchester von L. Borne und den eher jazzigen Kl\u00e4ngen mit einer Ballade f\u00fcr Altsaxophon von A. Reed, kommen auch zwei Urauff\u00fchrungen zum Erklingen: Das eigens f\u00fcr die Er\u00f6ffnung komponierte und selber interpretierte \u00abKonzert f\u00fcr Klavier und Blasorchester\u00bb von M. Roth und eine Ballade f\u00fcr Fl\u00fcgelhorn, \u00abLovely to see you\u00bb, komponiert von B. Hidber. Die musikalischen Umsetzung der ber\u00fchmten Heidi-Geschichte von M. B\u00fcrki sind ein weiterer H\u00f6hepunkt dieser CD. Kurzum: eine CD, mit einer breiten musikalischen Palette und f\u00fcr die Konkordia so typischen Darbietungen, welche direkt ins Herz gehen.<\/p>\n<h3>H\u00f6rbeispiele<\/h3>\n<p>Olympic Spirit<\/p>\n[audio mp3=\"https:\/\/www.missflute.ch\/wp-content\/uploads\/2022\/04\/1-Olympic-Spirit.mp3\"][\/audio]\n<p>Fantasie brillante<\/p>\n[audio mp3=\"https:\/\/www.missflute.ch\/wp-content\/uploads\/2022\/04\/2-Fantasie-brillante.mp3\"][\/audio]\n<p>My Way<\/p>\n[audio mp3=\"https:\/\/www.missflute.ch\/wp-content\/uploads\/2022\/04\/8-My-Way.mp3\"][\/audio]\n<p>Lovely to see you<\/p>\n[audio mp3=\"https:\/\/www.missflute.ch\/wp-content\/uploads\/2022\/04\/9-Lovely-to-see-you.mp3\"][\/audio]\n<p>&nbsp;<\/p>\n","protected":false},"featured_media":4764,"template":"","meta":[],"product_brand":[],"product_cat":[109],"product_tag":[],"class_list":{"0":"post-4759","1":"product","2":"type-product","3":"status-publish","4":"has-post-thumbnail","6":"product_cat-downloads","8":"first","9":"instock","10":"downloadable","11":"virtual","12":"purchasable","13":"product-type-simple"},"_links":{"self":[{"href":"https:\/\/www.missflute.ch\/de\/wp-json\/wp\/v2\/product\/4759","targetHints":{"allow":["GET"]}}],"collection":[{"href":"https:\/\/www.missflute.ch\/de\/wp-json\/wp\/v2\/product"}],"about":[{"href":"https:\/\/www.missflute.ch\/de\/wp-json\/wp\/v2\/types\/product"}],"wp:featuredmedia":[{"embeddable":true,"href":"https:\/\/www.missflute.ch\/de\/wp-json\/wp\/v2\/media\/4764"}],"wp:attachment":[{"href":"https:\/\/www.missflute.ch\/de\/wp-json\/wp\/v2\/media?parent=4759"}],"wp:term":[{"taxonomy":"product_brand","embeddable":true,"href":"https:\/\/www.missflute.ch\/de\/wp-json\/wp\/v2\/product_brand?post=4759"},{"taxonomy":"product_cat","embeddable":true,"href":"https:\/\/www.missflute.ch\/de\/wp-json\/wp\/v2\/product_cat?post=4759"},{"taxonomy":"product_tag","embeddable":true,"href":"https:\/\/www.missflute.ch\/de\/wp-json\/wp\/v2\/product_tag?post=4759"}],"curies":[{"name":"wp","href":"https:\/\/api.w.org\/{rel}","templated":true}]}}