{"id":4882,"date":"2022-05-16T12:00:51","date_gmt":"2022-05-16T10:00:51","guid":{"rendered":"https:\/\/www.missflute.ch\/?post_type=product&#038;p=4882"},"modified":"2025-02-20T15:59:04","modified_gmt":"2025-02-20T14:59:04","slug":"inspiration-downoad","status":"publish","type":"product","link":"https:\/\/www.missflute.ch\/de\/produkt\/inspiration-downoad\/","title":{"rendered":"Inspiration"},"content":{"rendered":"<p>Ver\u00f6ffentlichung: 2022<br \/>\nLabel: Miss Flute \u2013 Special Creative Projects<\/p>\n<p>In den Worten von Myriam Hidber Dickinson: \u00abMusik, mit der ich den Menschen eine musikalische Geschichte erz\u00e4hlen kann, welche ein Moment der Freude, Zufriedenheit, Ruhe bringt; ein Moment des Innehaltens, Tr\u00e4umens, Hoffens; ein Moment, in dem die Zeit und der Ort nicht wichtig sind, ein Moment, in dem der ganze Raum im gleichen Rhythmus atmet.\u00bb<\/p>\n<h4>CD-Booklet<\/h4>\n<p><a href=\"https:\/\/www.missflute.ch\/wp-content\/uploads\/2022\/05\/booklet-inspiration_download.pdf\" target=\"_blank\" rel=\"noopener\"><img loading=\"lazy\" decoding=\"async\" class=\"alignnone size-thumbnail wp-image-4866\" src=\"https:\/\/www.missflute.ch\/wp-content\/uploads\/2022\/05\/booklet-cover-inspiration_download-150x150.jpg\" alt=\"\" width=\"150\" height=\"150\" srcset=\"https:\/\/www.missflute.ch\/wp-content\/uploads\/2022\/05\/booklet-cover-inspiration_download-150x150.jpg 150w, https:\/\/www.missflute.ch\/wp-content\/uploads\/2022\/05\/booklet-cover-inspiration_download-300x300.jpg 300w, https:\/\/www.missflute.ch\/wp-content\/uploads\/2022\/05\/booklet-cover-inspiration_download-100x100.jpg 100w, https:\/\/www.missflute.ch\/wp-content\/uploads\/2022\/05\/booklet-cover-inspiration_download-600x600.jpg 600w, https:\/\/www.missflute.ch\/wp-content\/uploads\/2022\/05\/booklet-cover-inspiration_download-768x768.jpg 768w, https:\/\/www.missflute.ch\/wp-content\/uploads\/2022\/05\/booklet-cover-inspiration_download.jpg 800w\" sizes=\"auto, (max-width: 150px) 100vw, 150px\" \/><\/a><\/p>\n","protected":false},"excerpt":{"rendered":"<p>Musik f\u00fcr Solo Fl\u00f6te von Barock (G.Ph. Telemann) bis Moderne (C. Debussy). Kompositionen inspiriert von der Natur, welche die Fl\u00f6te von allen ihren klanglichen Facetten zeigen.<\/p>\n<h3>H\u00f6rbeispiele<\/h3>\n<p>1. C. Debussy &#8211; Syrinx<\/p>\n[audio mp3=\"https:\/\/www.missflute.ch\/wp-content\/uploads\/2022\/05\/Track-01CHE892100036INSPIRATIONSyrinxMyriam-Hidber-DickinsonClaude-Debussy.mp3\"][\/audio]\n<p>2. J. Donjon &#8211; Chant du Vent<\/p>\n[audio mp3=\"https:\/\/www.missflute.ch\/wp-content\/uploads\/2022\/05\/Track-02CHE892100037INSPIRATIONChant-du-VentMyriam-Hidber-DickinsonJohannes-Donjon.mp3\"][\/audio]\n<p>3. Sainte-Colombe &#8211; Les Pleurs<\/p>\n[audio mp3=\"https:\/\/www.missflute.ch\/wp-content\/uploads\/2022\/05\/Track-09CHE892100044INSPIRATIONLes-PleursMyriam-Hidber-DickinsonSainte-Colombe.mp3\"][\/audio]\n<p>4. Pixinguinha &#8211; Rosa<\/p>\n[audio mp3=\"https:\/\/www.missflute.ch\/wp-content\/uploads\/2022\/05\/Track-12CHE892100047INSPIRATIONRosaMyriam-Hidber-DickinsonPixinguinha.mp3\"][\/audio]\n<p>5. M. Hidber Dickinson &#8211; Metamorphosis<\/p>\n[audio mp3=\"https:\/\/www.missflute.ch\/wp-content\/uploads\/2022\/05\/Track-17CHE892100052INSPIRATIONMetamorphosisMyriam-Hidber-DickinsonMyriam-Hidber-Dickinson.mp3\"][\/audio]\n<p>&nbsp;<\/p>\n","protected":false},"featured_media":4864,"template":"","meta":[],"product_brand":[],"product_cat":[109],"product_tag":[],"class_list":{"0":"post-4882","1":"product","2":"type-product","3":"status-publish","4":"has-post-thumbnail","6":"product_cat-downloads","8":"first","9":"instock","10":"downloadable","11":"virtual","12":"purchasable","13":"product-type-simple"},"_links":{"self":[{"href":"https:\/\/www.missflute.ch\/de\/wp-json\/wp\/v2\/product\/4882","targetHints":{"allow":["GET"]}}],"collection":[{"href":"https:\/\/www.missflute.ch\/de\/wp-json\/wp\/v2\/product"}],"about":[{"href":"https:\/\/www.missflute.ch\/de\/wp-json\/wp\/v2\/types\/product"}],"wp:featuredmedia":[{"embeddable":true,"href":"https:\/\/www.missflute.ch\/de\/wp-json\/wp\/v2\/media\/4864"}],"wp:attachment":[{"href":"https:\/\/www.missflute.ch\/de\/wp-json\/wp\/v2\/media?parent=4882"}],"wp:term":[{"taxonomy":"product_brand","embeddable":true,"href":"https:\/\/www.missflute.ch\/de\/wp-json\/wp\/v2\/product_brand?post=4882"},{"taxonomy":"product_cat","embeddable":true,"href":"https:\/\/www.missflute.ch\/de\/wp-json\/wp\/v2\/product_cat?post=4882"},{"taxonomy":"product_tag","embeddable":true,"href":"https:\/\/www.missflute.ch\/de\/wp-json\/wp\/v2\/product_tag?post=4882"}],"curies":[{"name":"wp","href":"https:\/\/api.w.org\/{rel}","templated":true}]}}